{"id":11466,"date":"2017-12-18T14:36:26","date_gmt":"2017-12-18T14:36:26","guid":{"rendered":"https:\/\/lumart.fr\/les-collections\/uncategorized\/vaucresson-applique-geant-211-2\/"},"modified":"2021-09-22T16:21:11","modified_gmt":"2021-09-22T14:21:11","slug":"vaucresson-applique-geant-211-2","status":"publish","type":"product","link":"https:\/\/lumart.fr\/en\/the-collections\/outdoor\/wall-lanterns\/vaucresson-applique-geant-211-2\/","title":{"rendered":"Vaucresson - Wall lantern giant"},"content":{"rendered":"<p>With its classic design, the Vaucresson Collection can be paired with a large number of architectural styles. City, country, mountains or seaside, the six sides and the simple design will make you fall in love with it.<\/p>\n","protected":false},"excerpt":{"rendered":"<p>With its classic design, the Vaucresson Collection can be paired with a large number of architectural styles. City, country, mountains or seaside, the six sides and the simple design will make you fall in love with it.<\/p>\n","protected":false},"featured_media":5850,"template":"","meta":[],"product_cat":[253],"product_tag":[],"acf":[],"yoast_head":"<!-- This site is optimized with the Yoast SEO plugin v17.8 - https:\/\/yoast.com\/wordpress\/plugins\/seo\/ -->\n<meta name=\"description\" content=\"Classique dans son design, la collection Vaucresson peut \u00eatre associ\u00e9e \u00e0 un grand nombre de type d&#039;architecture. Ville, campagne, montagne ou mer, ce sont ses 6 faces et la sobri\u00e9t\u00e9 de ses lignes qui vous la feront aimer et choisir.\" \/>\n<meta name=\"robots\" content=\"index, follow, max-snippet:-1, max-image-preview:large, max-video-preview:-1\" \/>\n<link rel=\"canonical\" href=\"https:\/\/lumart.fr\/en\/the-collections\/outdoor\/wall-lanterns\/vaucresson-applique-geant-211-2\/\" \/>\n<meta property=\"og:locale\" content=\"en_US\" \/>\n<meta property=\"og:type\" content=\"article\" \/>\n<meta property=\"og:title\" content=\"Applique Vaucresson G\u00e9ant (211\/2) - Lum&#039;art\" \/>\n<meta property=\"og:description\" content=\"Classique dans son design, la collection Vaucresson peut \u00eatre associ\u00e9e \u00e0 un grand nombre de type d&#039;architecture. Ville, campagne, montagne ou mer, ce sont ses 6 faces et la sobri\u00e9t\u00e9 de ses lignes qui vous la feront aimer et choisir.\" \/>\n<meta property=\"og:url\" content=\"https:\/\/lumart.fr\/en\/the-collections\/outdoor\/wall-lanterns\/vaucresson-applique-geant-211-2\/\" \/>\n<meta property=\"og:site_name\" content=\"Lum&#039;Art\" \/>\n<meta property=\"article:publisher\" content=\"https:\/\/www.facebook.com\/LumArt-1543826629180391\/\" \/>\n<meta property=\"article:modified_time\" content=\"2021-09-22T14:21:11+00:00\" \/>\n<meta property=\"og:image\" content=\"https:\/\/lumart.fr\/wp-content\/uploads\/2017\/12\/Lumart_logo_2551x1701.jpg\" \/>\n\t<meta property=\"og:image:width\" content=\"2551\" \/>\n\t<meta property=\"og:image:height\" content=\"1701\" \/>\n<meta name=\"twitter:card\" content=\"summary\" \/>\n<script type=\"application\/ld+json\" class=\"yoast-schema-graph\">{\"@context\":\"https:\/\/schema.org\",\"@graph\":[{\"@type\":\"WebSite\",\"@id\":\"https:\/\/lumart.fr\/fr\/#website\",\"url\":\"https:\/\/lumart.fr\/fr\/\",\"name\":\"Lum'art\",\"description\":\"\",\"potentialAction\":[{\"@type\":\"SearchAction\",\"target\":{\"@type\":\"EntryPoint\",\"urlTemplate\":\"https:\/\/lumart.fr\/fr\/?s={search_term_string}\"},\"query-input\":\"required name=search_term_string\"}],\"inLanguage\":\"en-US\"},{\"@type\":\"ImageObject\",\"@id\":\"https:\/\/lumart.fr\/en\/the-collections\/outdoor\/wall-lanterns\/vaucresson-applique-geant-211-2\/#primaryimage\",\"inLanguage\":\"en-US\",\"url\":\"\/wp-content\/uploads\/2017\/12\/Lumart_logo_2551x1701.jpg\",\"contentUrl\":\"\/wp-content\/uploads\/2017\/12\/Lumart_logo_2551x1701.jpg\",\"width\":2551,\"height\":1701,\"caption\":\"Antana Chandelier L\"},{\"@type\":\"WebPage\",\"@id\":\"https:\/\/lumart.fr\/en\/the-collections\/outdoor\/wall-lanterns\/vaucresson-applique-geant-211-2\/#webpage\",\"url\":\"https:\/\/lumart.fr\/en\/the-collections\/outdoor\/wall-lanterns\/vaucresson-applique-geant-211-2\/\",\"name\":\"Applique Vaucresson G\\u00e9ant (211\/2) - Lum'art\",\"isPartOf\":{\"@id\":\"https:\/\/lumart.fr\/fr\/#website\"},\"primaryImageOfPage\":{\"@id\":\"https:\/\/lumart.fr\/en\/the-collections\/outdoor\/wall-lanterns\/vaucresson-applique-geant-211-2\/#primaryimage\"},\"datePublished\":\"2017-12-18T14:36:26+00:00\",\"dateModified\":\"2021-09-22T14:21:11+00:00\",\"description\":\"Classique dans son design, la collection Vaucresson peut \\u00eatre associ\\u00e9e \\u00e0 un grand nombre de type d'architecture. Ville, campagne, montagne ou mer, ce sont ses 6 faces et la sobri\\u00e9t\\u00e9 de ses lignes qui vous la feront aimer et choisir.\",\"breadcrumb\":{\"@id\":\"https:\/\/lumart.fr\/en\/the-collections\/outdoor\/wall-lanterns\/vaucresson-applique-geant-211-2\/#breadcrumb\"},\"inLanguage\":\"en-US\",\"potentialAction\":[{\"@type\":\"ReadAction\",\"target\":[\"https:\/\/lumart.fr\/en\/the-collections\/outdoor\/wall-lanterns\/vaucresson-applique-geant-211-2\/\"]}]},{\"@type\":\"BreadcrumbList\",\"@id\":\"https:\/\/lumart.fr\/en\/the-collections\/outdoor\/wall-lanterns\/vaucresson-applique-geant-211-2\/#breadcrumb\",\"itemListElement\":[{\"@type\":\"ListItem\",\"position\":1,\"name\":\"Home\",\"item\":\"https:\/\/lumart.fr\/en\/\"},{\"@type\":\"ListItem\",\"position\":2,\"name\":\"The Collections\",\"item\":\"https:\/\/lumart.fr\/en\/the-collections\/\"},{\"@type\":\"ListItem\",\"position\":3,\"name\":\"Vaucresson - Wall lantern giant\"}]}]}<\/script>\n<!-- \/ Yoast SEO plugin. -->","yoast_head_json":{"description":"Classique dans son design, la collection Vaucresson peut \u00eatre associ\u00e9e \u00e0 un grand nombre de type d'architecture. Ville, campagne, montagne ou mer, ce sont ses 6 faces et la sobri\u00e9t\u00e9 de ses lignes qui vous la feront aimer et choisir.","robots":{"index":"index","follow":"follow","max-snippet":"max-snippet:-1","max-image-preview":"max-image-preview:large","max-video-preview":"max-video-preview:-1"},"canonical":"https:\/\/lumart.fr\/en\/the-collections\/outdoor\/wall-lanterns\/vaucresson-applique-geant-211-2\/","og_locale":"en_US","og_type":"article","og_title":"Applique Vaucresson G\u00e9ant (211\/2) - Lum'art","og_description":"Classique dans son design, la collection Vaucresson peut \u00eatre associ\u00e9e \u00e0 un grand nombre de type d'architecture. Ville, campagne, montagne ou mer, ce sont ses 6 faces et la sobri\u00e9t\u00e9 de ses lignes qui vous la feront aimer et choisir.","og_url":"https:\/\/lumart.fr\/en\/the-collections\/outdoor\/wall-lanterns\/vaucresson-applique-geant-211-2\/","og_site_name":"Lum&#039;Art","article_publisher":"https:\/\/www.facebook.com\/LumArt-1543826629180391\/","article_modified_time":"2021-09-22T14:21:11+00:00","og_image":[{"width":2551,"height":1701,"url":"https:\/\/lumart.fr\/wp-content\/uploads\/2017\/12\/Lumart_logo_2551x1701.jpg","type":"image\/jpeg"}],"twitter_card":"summary","schema":{"@context":"https:\/\/schema.org","@graph":[{"@type":"WebSite","@id":"https:\/\/lumart.fr\/fr\/#website","url":"https:\/\/lumart.fr\/fr\/","name":"Lum'art","description":"","potentialAction":[{"@type":"SearchAction","target":{"@type":"EntryPoint","urlTemplate":"https:\/\/lumart.fr\/fr\/?s={search_term_string}"},"query-input":"required name=search_term_string"}],"inLanguage":"en-US"},{"@type":"ImageObject","@id":"https:\/\/lumart.fr\/en\/the-collections\/outdoor\/wall-lanterns\/vaucresson-applique-geant-211-2\/#primaryimage","inLanguage":"en-US","url":"\/wp-content\/uploads\/2017\/12\/Lumart_logo_2551x1701.jpg","contentUrl":"\/wp-content\/uploads\/2017\/12\/Lumart_logo_2551x1701.jpg","width":2551,"height":1701,"caption":"Antana Chandelier L"},{"@type":"WebPage","@id":"https:\/\/lumart.fr\/en\/the-collections\/outdoor\/wall-lanterns\/vaucresson-applique-geant-211-2\/#webpage","url":"https:\/\/lumart.fr\/en\/the-collections\/outdoor\/wall-lanterns\/vaucresson-applique-geant-211-2\/","name":"Applique Vaucresson G\u00e9ant (211\/2) - Lum'art","isPartOf":{"@id":"https:\/\/lumart.fr\/fr\/#website"},"primaryImageOfPage":{"@id":"https:\/\/lumart.fr\/en\/the-collections\/outdoor\/wall-lanterns\/vaucresson-applique-geant-211-2\/#primaryimage"},"datePublished":"2017-12-18T14:36:26+00:00","dateModified":"2021-09-22T14:21:11+00:00","description":"Classique dans son design, la collection Vaucresson peut \u00eatre associ\u00e9e \u00e0 un grand nombre de type d'architecture. Ville, campagne, montagne ou mer, ce sont ses 6 faces et la sobri\u00e9t\u00e9 de ses lignes qui vous la feront aimer et choisir.","breadcrumb":{"@id":"https:\/\/lumart.fr\/en\/the-collections\/outdoor\/wall-lanterns\/vaucresson-applique-geant-211-2\/#breadcrumb"},"inLanguage":"en-US","potentialAction":[{"@type":"ReadAction","target":["https:\/\/lumart.fr\/en\/the-collections\/outdoor\/wall-lanterns\/vaucresson-applique-geant-211-2\/"]}]},{"@type":"BreadcrumbList","@id":"https:\/\/lumart.fr\/en\/the-collections\/outdoor\/wall-lanterns\/vaucresson-applique-geant-211-2\/#breadcrumb","itemListElement":[{"@type":"ListItem","position":1,"name":"Home","item":"https:\/\/lumart.fr\/en\/"},{"@type":"ListItem","position":2,"name":"The Collections","item":"https:\/\/lumart.fr\/en\/the-collections\/"},{"@type":"ListItem","position":3,"name":"Vaucresson - Wall lantern giant"}]}]}},"_links":{"self":[{"href":"https:\/\/lumart.fr\/en\/wp-json\/wp\/v2\/product\/11466"}],"collection":[{"href":"https:\/\/lumart.fr\/en\/wp-json\/wp\/v2\/product"}],"about":[{"href":"https:\/\/lumart.fr\/en\/wp-json\/wp\/v2\/types\/product"}],"wp:featuredmedia":[{"embeddable":true,"href":"https:\/\/lumart.fr\/en\/wp-json\/wp\/v2\/media\/5850"}],"wp:attachment":[{"href":"https:\/\/lumart.fr\/en\/wp-json\/wp\/v2\/media?parent=11466"}],"wp:term":[{"taxonomy":"product_cat","embeddable":true,"href":"https:\/\/lumart.fr\/en\/wp-json\/wp\/v2\/product_cat?post=11466"},{"taxonomy":"product_tag","embeddable":true,"href":"https:\/\/lumart.fr\/en\/wp-json\/wp\/v2\/product_tag?post=11466"}],"curies":[{"name":"wp","href":"https:\/\/api.w.org\/{rel}","templated":true}]}}