{"id":11455,"date":"2017-12-18T14:36:21","date_gmt":"2017-12-18T14:36:21","guid":{"rendered":"https:\/\/lumart.fr\/les-collections\/uncategorized\/theatre-applique-tgm-256\/"},"modified":"2022-01-11T17:08:01","modified_gmt":"2022-01-11T16:08:01","slug":"theatre-applique-tgm-256","status":"publish","type":"product","link":"https:\/\/lumart.fr\/en\/the-collections\/outdoor\/wall-lanterns\/theatre-applique-tgm-256\/","title":{"rendered":"Th\u00e9\u00e2tre - Wall lantern XL"},"content":{"rendered":"<p>Directly inspired by 19th century theatre stage lanterns with its angles and typical reflector, the Th\u00e9\u00e2tre wall light can today be installed either on the floor or wall.<\/p>\n","protected":false},"excerpt":{"rendered":"<p>Directly inspired by 19th century theatre stage lanterns with its angles and typical reflector, the Th\u00e9\u00e2tre wall light can today be installed either on the floor or wall.<\/p>\n","protected":false},"featured_media":11952,"template":"","meta":[],"product_cat":[253],"product_tag":[],"acf":[],"yoast_head":"<!-- This site is optimized with the Yoast SEO plugin v17.8 - https:\/\/yoast.com\/wordpress\/plugins\/seo\/ -->\n<meta name=\"description\" content=\"Directement inspir\u00e9e des lanternes de front de sc\u00e8ne au th\u00e9\u00e2tre au XIX\u00e8me si\u00e8cle avec son inclinaison et son r\u00e9flecteur typique, l&#039;applique Th\u00e9\u00e2tre peut aujourd&#039;hui bien s\u00fbr se poser au sol mais s&#039;accroche d\u00e9sormais \u00e9galement au mur.\" \/>\n<meta name=\"robots\" content=\"index, follow, max-snippet:-1, max-image-preview:large, max-video-preview:-1\" \/>\n<link rel=\"canonical\" href=\"https:\/\/lumart.fr\/en\/the-collections\/outdoor\/wall-lanterns\/theatre-applique-tgm-256\/\" \/>\n<meta property=\"og:locale\" content=\"en_US\" \/>\n<meta property=\"og:type\" content=\"article\" \/>\n<meta property=\"og:title\" content=\"Applique Th\u00e9\u00e2tre TGM (256) - Lum&#039;art\" \/>\n<meta property=\"og:description\" content=\"Directement inspir\u00e9e des lanternes de front de sc\u00e8ne au th\u00e9\u00e2tre au XIX\u00e8me si\u00e8cle avec son inclinaison et son r\u00e9flecteur typique, l&#039;applique Th\u00e9\u00e2tre peut aujourd&#039;hui bien s\u00fbr se poser au sol mais s&#039;accroche d\u00e9sormais \u00e9galement au mur.\" \/>\n<meta property=\"og:url\" content=\"https:\/\/lumart.fr\/en\/the-collections\/outdoor\/wall-lanterns\/theatre-applique-tgm-256\/\" \/>\n<meta property=\"og:site_name\" content=\"Lum&#039;Art\" \/>\n<meta property=\"article:publisher\" content=\"https:\/\/www.facebook.com\/LumArt-1543826629180391\/\" \/>\n<meta property=\"article:modified_time\" content=\"2022-01-11T16:08:01+00:00\" \/>\n<meta property=\"og:image\" content=\"https:\/\/lumart.fr\/wp-content\/uploads\/2017\/12\/256-Applique-Theatre-TGM-VZ-Lumart-BD-3.jpg\" \/>\n\t<meta property=\"og:image:width\" content=\"2551\" \/>\n\t<meta property=\"og:image:height\" content=\"1701\" \/>\n<meta name=\"twitter:card\" content=\"summary\" \/>\n<script type=\"application\/ld+json\" class=\"yoast-schema-graph\">{\"@context\":\"https:\/\/schema.org\",\"@graph\":[{\"@type\":\"WebSite\",\"@id\":\"https:\/\/lumart.fr\/fr\/#website\",\"url\":\"https:\/\/lumart.fr\/fr\/\",\"name\":\"Lum'art\",\"description\":\"\",\"potentialAction\":[{\"@type\":\"SearchAction\",\"target\":{\"@type\":\"EntryPoint\",\"urlTemplate\":\"https:\/\/lumart.fr\/fr\/?s={search_term_string}\"},\"query-input\":\"required name=search_term_string\"}],\"inLanguage\":\"en-US\"},{\"@type\":\"ImageObject\",\"@id\":\"https:\/\/lumart.fr\/en\/the-collections\/outdoor\/wall-lanterns\/theatre-applique-tgm-256\/#primaryimage\",\"inLanguage\":\"en-US\",\"url\":\"\/wp-content\/uploads\/2017\/12\/256-Applique-Theatre-TGM-VZ-Lumart-BD-3.jpg\",\"contentUrl\":\"\/wp-content\/uploads\/2017\/12\/256-Applique-Theatre-TGM-VZ-Lumart-BD-3.jpg\",\"width\":2551,\"height\":1701},{\"@type\":\"WebPage\",\"@id\":\"https:\/\/lumart.fr\/en\/the-collections\/outdoor\/wall-lanterns\/theatre-applique-tgm-256\/#webpage\",\"url\":\"https:\/\/lumart.fr\/en\/the-collections\/outdoor\/wall-lanterns\/theatre-applique-tgm-256\/\",\"name\":\"Applique Th\\u00e9\\u00e2tre TGM (256) - Lum'art\",\"isPartOf\":{\"@id\":\"https:\/\/lumart.fr\/fr\/#website\"},\"primaryImageOfPage\":{\"@id\":\"https:\/\/lumart.fr\/en\/the-collections\/outdoor\/wall-lanterns\/theatre-applique-tgm-256\/#primaryimage\"},\"datePublished\":\"2017-12-18T14:36:21+00:00\",\"dateModified\":\"2022-01-11T16:08:01+00:00\",\"description\":\"Directement inspir\\u00e9e des lanternes de front de sc\\u00e8ne au th\\u00e9\\u00e2tre au XIX\\u00e8me si\\u00e8cle avec son inclinaison et son r\\u00e9flecteur typique, l'applique Th\\u00e9\\u00e2tre peut aujourd'hui bien s\\u00fbr se poser au sol mais s'accroche d\\u00e9sormais \\u00e9galement au mur.\",\"breadcrumb\":{\"@id\":\"https:\/\/lumart.fr\/en\/the-collections\/outdoor\/wall-lanterns\/theatre-applique-tgm-256\/#breadcrumb\"},\"inLanguage\":\"en-US\",\"potentialAction\":[{\"@type\":\"ReadAction\",\"target\":[\"https:\/\/lumart.fr\/en\/the-collections\/outdoor\/wall-lanterns\/theatre-applique-tgm-256\/\"]}]},{\"@type\":\"BreadcrumbList\",\"@id\":\"https:\/\/lumart.fr\/en\/the-collections\/outdoor\/wall-lanterns\/theatre-applique-tgm-256\/#breadcrumb\",\"itemListElement\":[{\"@type\":\"ListItem\",\"position\":1,\"name\":\"Home\",\"item\":\"https:\/\/lumart.fr\/en\/\"},{\"@type\":\"ListItem\",\"position\":2,\"name\":\"The Collections\",\"item\":\"https:\/\/lumart.fr\/en\/the-collections\/\"},{\"@type\":\"ListItem\",\"position\":3,\"name\":\"Th\\u00e9\\u00e2tre - Wall lantern XL\"}]}]}<\/script>\n<!-- \/ Yoast SEO plugin. -->","yoast_head_json":{"description":"Directement inspir\u00e9e des lanternes de front de sc\u00e8ne au th\u00e9\u00e2tre au XIX\u00e8me si\u00e8cle avec son inclinaison et son r\u00e9flecteur typique, l'applique Th\u00e9\u00e2tre peut aujourd'hui bien s\u00fbr se poser au sol mais s'accroche d\u00e9sormais \u00e9galement au mur.","robots":{"index":"index","follow":"follow","max-snippet":"max-snippet:-1","max-image-preview":"max-image-preview:large","max-video-preview":"max-video-preview:-1"},"canonical":"https:\/\/lumart.fr\/en\/the-collections\/outdoor\/wall-lanterns\/theatre-applique-tgm-256\/","og_locale":"en_US","og_type":"article","og_title":"Applique Th\u00e9\u00e2tre TGM (256) - Lum'art","og_description":"Directement inspir\u00e9e des lanternes de front de sc\u00e8ne au th\u00e9\u00e2tre au XIX\u00e8me si\u00e8cle avec son inclinaison et son r\u00e9flecteur typique, l'applique Th\u00e9\u00e2tre peut aujourd'hui bien s\u00fbr se poser au sol mais s'accroche d\u00e9sormais \u00e9galement au mur.","og_url":"https:\/\/lumart.fr\/en\/the-collections\/outdoor\/wall-lanterns\/theatre-applique-tgm-256\/","og_site_name":"Lum&#039;Art","article_publisher":"https:\/\/www.facebook.com\/LumArt-1543826629180391\/","article_modified_time":"2022-01-11T16:08:01+00:00","og_image":[{"width":2551,"height":1701,"url":"https:\/\/lumart.fr\/wp-content\/uploads\/2017\/12\/256-Applique-Theatre-TGM-VZ-Lumart-BD-3.jpg","type":"image\/jpeg"}],"twitter_card":"summary","schema":{"@context":"https:\/\/schema.org","@graph":[{"@type":"WebSite","@id":"https:\/\/lumart.fr\/fr\/#website","url":"https:\/\/lumart.fr\/fr\/","name":"Lum'art","description":"","potentialAction":[{"@type":"SearchAction","target":{"@type":"EntryPoint","urlTemplate":"https:\/\/lumart.fr\/fr\/?s={search_term_string}"},"query-input":"required name=search_term_string"}],"inLanguage":"en-US"},{"@type":"ImageObject","@id":"https:\/\/lumart.fr\/en\/the-collections\/outdoor\/wall-lanterns\/theatre-applique-tgm-256\/#primaryimage","inLanguage":"en-US","url":"\/wp-content\/uploads\/2017\/12\/256-Applique-Theatre-TGM-VZ-Lumart-BD-3.jpg","contentUrl":"\/wp-content\/uploads\/2017\/12\/256-Applique-Theatre-TGM-VZ-Lumart-BD-3.jpg","width":2551,"height":1701},{"@type":"WebPage","@id":"https:\/\/lumart.fr\/en\/the-collections\/outdoor\/wall-lanterns\/theatre-applique-tgm-256\/#webpage","url":"https:\/\/lumart.fr\/en\/the-collections\/outdoor\/wall-lanterns\/theatre-applique-tgm-256\/","name":"Applique Th\u00e9\u00e2tre TGM (256) - Lum'art","isPartOf":{"@id":"https:\/\/lumart.fr\/fr\/#website"},"primaryImageOfPage":{"@id":"https:\/\/lumart.fr\/en\/the-collections\/outdoor\/wall-lanterns\/theatre-applique-tgm-256\/#primaryimage"},"datePublished":"2017-12-18T14:36:21+00:00","dateModified":"2022-01-11T16:08:01+00:00","description":"Directement inspir\u00e9e des lanternes de front de sc\u00e8ne au th\u00e9\u00e2tre au XIX\u00e8me si\u00e8cle avec son inclinaison et son r\u00e9flecteur typique, l'applique Th\u00e9\u00e2tre peut aujourd'hui bien s\u00fbr se poser au sol mais s'accroche d\u00e9sormais \u00e9galement au mur.","breadcrumb":{"@id":"https:\/\/lumart.fr\/en\/the-collections\/outdoor\/wall-lanterns\/theatre-applique-tgm-256\/#breadcrumb"},"inLanguage":"en-US","potentialAction":[{"@type":"ReadAction","target":["https:\/\/lumart.fr\/en\/the-collections\/outdoor\/wall-lanterns\/theatre-applique-tgm-256\/"]}]},{"@type":"BreadcrumbList","@id":"https:\/\/lumart.fr\/en\/the-collections\/outdoor\/wall-lanterns\/theatre-applique-tgm-256\/#breadcrumb","itemListElement":[{"@type":"ListItem","position":1,"name":"Home","item":"https:\/\/lumart.fr\/en\/"},{"@type":"ListItem","position":2,"name":"The Collections","item":"https:\/\/lumart.fr\/en\/the-collections\/"},{"@type":"ListItem","position":3,"name":"Th\u00e9\u00e2tre - Wall lantern XL"}]}]}},"_links":{"self":[{"href":"https:\/\/lumart.fr\/en\/wp-json\/wp\/v2\/product\/11455"}],"collection":[{"href":"https:\/\/lumart.fr\/en\/wp-json\/wp\/v2\/product"}],"about":[{"href":"https:\/\/lumart.fr\/en\/wp-json\/wp\/v2\/types\/product"}],"wp:featuredmedia":[{"embeddable":true,"href":"https:\/\/lumart.fr\/en\/wp-json\/wp\/v2\/media\/11952"}],"wp:attachment":[{"href":"https:\/\/lumart.fr\/en\/wp-json\/wp\/v2\/media?parent=11455"}],"wp:term":[{"taxonomy":"product_cat","embeddable":true,"href":"https:\/\/lumart.fr\/en\/wp-json\/wp\/v2\/product_cat?post=11455"},{"taxonomy":"product_tag","embeddable":true,"href":"https:\/\/lumart.fr\/en\/wp-json\/wp\/v2\/product_tag?post=11455"}],"curies":[{"name":"wp","href":"https:\/\/api.w.org\/{rel}","templated":true}]}}