{"id":11446,"date":"2017-12-18T14:36:19","date_gmt":"2017-12-18T14:36:19","guid":{"rendered":"https:\/\/lumart.fr\/les-collections\/uncategorized\/swansea-applique-tpm-2133\/"},"modified":"2022-01-11T16:59:12","modified_gmt":"2022-01-11T15:59:12","slug":"swansea-applique-tpm-2133","status":"publish","type":"product","link":"https:\/\/lumart.fr\/en\/the-collections\/outdoor\/wall-lanterns\/swansea-applique-tpm-2133\/","title":{"rendered":"Swansea - Wall lantern XS"},"content":{"rendered":"<p>The wall lights in the Swansea Collection combine curved roofs with the vertical lines of the lantern body giving it a slight Scandinavian look. They also echo the look of antique cellar lanterns that lit up galleries with their sparkling light. Either way, a cute lantern that is great indoors or outdoors.<\/p>\n","protected":false},"excerpt":{"rendered":"<p>The wall lights in the Swansea Collection combine curved roofs with the vertical lines of the lantern body giving it a slight Scandinavian look. They also echo the look of antique cellar lanterns that lit up galleries with their sparkling light. Either way, a cute lantern that is great indoors or outdoors.<\/p>\n","protected":false},"featured_media":2975,"template":"","meta":[],"product_cat":[253],"product_tag":[],"acf":[],"yoast_head":"<!-- This site is optimized with the Yoast SEO plugin v17.8 - https:\/\/yoast.com\/wordpress\/plugins\/seo\/ -->\n<meta name=\"description\" content=\"Les appliques de la collection Swansea associent la rondeur des courbes du toit et la verticalit\u00e9 des lignes du corps de la lanterne lui donnant un petit c\u00f4t\u00e9 scandinave, \u00e0 moins qu&#039;on y retrouve l&#039;esprit des anciennes lanternes de cave qui ponctuaient les galeries de leur lumi\u00e8re chatoyante !\" \/>\n<meta name=\"robots\" content=\"index, follow, max-snippet:-1, max-image-preview:large, max-video-preview:-1\" \/>\n<link rel=\"canonical\" href=\"https:\/\/lumart.fr\/en\/the-collections\/outdoor\/wall-lanterns\/swansea-applique-tpm-2133\/\" \/>\n<meta property=\"og:locale\" content=\"en_US\" \/>\n<meta property=\"og:type\" content=\"article\" \/>\n<meta property=\"og:title\" content=\"Applique Swansea TPM (2133) - Lum&#039;art\" \/>\n<meta property=\"og:description\" content=\"Les appliques de la collection Swansea associent la rondeur des courbes du toit et la verticalit\u00e9 des lignes du corps de la lanterne lui donnant un petit c\u00f4t\u00e9 scandinave, \u00e0 moins qu&#039;on y retrouve l&#039;esprit des anciennes lanternes de cave qui ponctuaient les galeries de leur lumi\u00e8re chatoyante !\" \/>\n<meta property=\"og:url\" content=\"https:\/\/lumart.fr\/en\/the-collections\/outdoor\/wall-lanterns\/swansea-applique-tpm-2133\/\" \/>\n<meta property=\"og:site_name\" content=\"Lum&#039;Art\" \/>\n<meta property=\"article:publisher\" content=\"https:\/\/www.facebook.com\/LumArt-1543826629180391\/\" \/>\n<meta property=\"article:modified_time\" content=\"2022-01-11T15:59:12+00:00\" \/>\n<meta property=\"og:image\" content=\"https:\/\/lumart.fr\/wp-content\/uploads\/2017\/12\/2133-Applique-Swansea-TPM-VZ-Lumart-BD-3.jpg\" \/>\n\t<meta property=\"og:image:width\" content=\"2551\" \/>\n\t<meta property=\"og:image:height\" content=\"1701\" \/>\n<meta name=\"twitter:card\" content=\"summary\" \/>\n<script type=\"application\/ld+json\" class=\"yoast-schema-graph\">{\"@context\":\"https:\/\/schema.org\",\"@graph\":[{\"@type\":\"WebSite\",\"@id\":\"https:\/\/lumart.fr\/fr\/#website\",\"url\":\"https:\/\/lumart.fr\/fr\/\",\"name\":\"Lum'art\",\"description\":\"\",\"potentialAction\":[{\"@type\":\"SearchAction\",\"target\":{\"@type\":\"EntryPoint\",\"urlTemplate\":\"https:\/\/lumart.fr\/fr\/?s={search_term_string}\"},\"query-input\":\"required name=search_term_string\"}],\"inLanguage\":\"en-US\"},{\"@type\":\"ImageObject\",\"@id\":\"https:\/\/lumart.fr\/en\/the-collections\/outdoor\/wall-lanterns\/swansea-applique-tpm-2133\/#primaryimage\",\"inLanguage\":\"en-US\",\"url\":\"\/wp-content\/uploads\/2017\/12\/2133-Applique-Swansea-TPM-VZ-Lumart-BD-3.jpg\",\"contentUrl\":\"\/wp-content\/uploads\/2017\/12\/2133-Applique-Swansea-TPM-VZ-Lumart-BD-3.jpg\",\"width\":2551,\"height\":1701,\"caption\":\"Swansea wall lantern, XS size, aged zinc\"},{\"@type\":\"WebPage\",\"@id\":\"https:\/\/lumart.fr\/en\/the-collections\/outdoor\/wall-lanterns\/swansea-applique-tpm-2133\/#webpage\",\"url\":\"https:\/\/lumart.fr\/en\/the-collections\/outdoor\/wall-lanterns\/swansea-applique-tpm-2133\/\",\"name\":\"Applique Swansea TPM (2133) - Lum'art\",\"isPartOf\":{\"@id\":\"https:\/\/lumart.fr\/fr\/#website\"},\"primaryImageOfPage\":{\"@id\":\"https:\/\/lumart.fr\/en\/the-collections\/outdoor\/wall-lanterns\/swansea-applique-tpm-2133\/#primaryimage\"},\"datePublished\":\"2017-12-18T14:36:19+00:00\",\"dateModified\":\"2022-01-11T15:59:12+00:00\",\"description\":\"Les appliques de la collection Swansea associent la rondeur des courbes du toit et la verticalit\\u00e9 des lignes du corps de la lanterne lui donnant un petit c\\u00f4t\\u00e9 scandinave, \\u00e0 moins qu'on y retrouve l'esprit des anciennes lanternes de cave qui ponctuaient les galeries de leur lumi\\u00e8re chatoyante !\",\"breadcrumb\":{\"@id\":\"https:\/\/lumart.fr\/en\/the-collections\/outdoor\/wall-lanterns\/swansea-applique-tpm-2133\/#breadcrumb\"},\"inLanguage\":\"en-US\",\"potentialAction\":[{\"@type\":\"ReadAction\",\"target\":[\"https:\/\/lumart.fr\/en\/the-collections\/outdoor\/wall-lanterns\/swansea-applique-tpm-2133\/\"]}]},{\"@type\":\"BreadcrumbList\",\"@id\":\"https:\/\/lumart.fr\/en\/the-collections\/outdoor\/wall-lanterns\/swansea-applique-tpm-2133\/#breadcrumb\",\"itemListElement\":[{\"@type\":\"ListItem\",\"position\":1,\"name\":\"Home\",\"item\":\"https:\/\/lumart.fr\/en\/\"},{\"@type\":\"ListItem\",\"position\":2,\"name\":\"The Collections\",\"item\":\"https:\/\/lumart.fr\/en\/the-collections\/\"},{\"@type\":\"ListItem\",\"position\":3,\"name\":\"Swansea - Wall lantern XS\"}]}]}<\/script>\n<!-- \/ Yoast SEO plugin. -->","yoast_head_json":{"description":"Les appliques de la collection Swansea associent la rondeur des courbes du toit et la verticalit\u00e9 des lignes du corps de la lanterne lui donnant un petit c\u00f4t\u00e9 scandinave, \u00e0 moins qu'on y retrouve l'esprit des anciennes lanternes de cave qui ponctuaient les galeries de leur lumi\u00e8re chatoyante !","robots":{"index":"index","follow":"follow","max-snippet":"max-snippet:-1","max-image-preview":"max-image-preview:large","max-video-preview":"max-video-preview:-1"},"canonical":"https:\/\/lumart.fr\/en\/the-collections\/outdoor\/wall-lanterns\/swansea-applique-tpm-2133\/","og_locale":"en_US","og_type":"article","og_title":"Applique Swansea TPM (2133) - Lum'art","og_description":"Les appliques de la collection Swansea associent la rondeur des courbes du toit et la verticalit\u00e9 des lignes du corps de la lanterne lui donnant un petit c\u00f4t\u00e9 scandinave, \u00e0 moins qu'on y retrouve l'esprit des anciennes lanternes de cave qui ponctuaient les galeries de leur lumi\u00e8re chatoyante !","og_url":"https:\/\/lumart.fr\/en\/the-collections\/outdoor\/wall-lanterns\/swansea-applique-tpm-2133\/","og_site_name":"Lum&#039;Art","article_publisher":"https:\/\/www.facebook.com\/LumArt-1543826629180391\/","article_modified_time":"2022-01-11T15:59:12+00:00","og_image":[{"width":2551,"height":1701,"url":"https:\/\/lumart.fr\/wp-content\/uploads\/2017\/12\/2133-Applique-Swansea-TPM-VZ-Lumart-BD-3.jpg","type":"image\/jpeg"}],"twitter_card":"summary","schema":{"@context":"https:\/\/schema.org","@graph":[{"@type":"WebSite","@id":"https:\/\/lumart.fr\/fr\/#website","url":"https:\/\/lumart.fr\/fr\/","name":"Lum'art","description":"","potentialAction":[{"@type":"SearchAction","target":{"@type":"EntryPoint","urlTemplate":"https:\/\/lumart.fr\/fr\/?s={search_term_string}"},"query-input":"required name=search_term_string"}],"inLanguage":"en-US"},{"@type":"ImageObject","@id":"https:\/\/lumart.fr\/en\/the-collections\/outdoor\/wall-lanterns\/swansea-applique-tpm-2133\/#primaryimage","inLanguage":"en-US","url":"\/wp-content\/uploads\/2017\/12\/2133-Applique-Swansea-TPM-VZ-Lumart-BD-3.jpg","contentUrl":"\/wp-content\/uploads\/2017\/12\/2133-Applique-Swansea-TPM-VZ-Lumart-BD-3.jpg","width":2551,"height":1701,"caption":"Swansea wall lantern, XS size, aged zinc"},{"@type":"WebPage","@id":"https:\/\/lumart.fr\/en\/the-collections\/outdoor\/wall-lanterns\/swansea-applique-tpm-2133\/#webpage","url":"https:\/\/lumart.fr\/en\/the-collections\/outdoor\/wall-lanterns\/swansea-applique-tpm-2133\/","name":"Applique Swansea TPM (2133) - Lum'art","isPartOf":{"@id":"https:\/\/lumart.fr\/fr\/#website"},"primaryImageOfPage":{"@id":"https:\/\/lumart.fr\/en\/the-collections\/outdoor\/wall-lanterns\/swansea-applique-tpm-2133\/#primaryimage"},"datePublished":"2017-12-18T14:36:19+00:00","dateModified":"2022-01-11T15:59:12+00:00","description":"Les appliques de la collection Swansea associent la rondeur des courbes du toit et la verticalit\u00e9 des lignes du corps de la lanterne lui donnant un petit c\u00f4t\u00e9 scandinave, \u00e0 moins qu'on y retrouve l'esprit des anciennes lanternes de cave qui ponctuaient les galeries de leur lumi\u00e8re chatoyante !","breadcrumb":{"@id":"https:\/\/lumart.fr\/en\/the-collections\/outdoor\/wall-lanterns\/swansea-applique-tpm-2133\/#breadcrumb"},"inLanguage":"en-US","potentialAction":[{"@type":"ReadAction","target":["https:\/\/lumart.fr\/en\/the-collections\/outdoor\/wall-lanterns\/swansea-applique-tpm-2133\/"]}]},{"@type":"BreadcrumbList","@id":"https:\/\/lumart.fr\/en\/the-collections\/outdoor\/wall-lanterns\/swansea-applique-tpm-2133\/#breadcrumb","itemListElement":[{"@type":"ListItem","position":1,"name":"Home","item":"https:\/\/lumart.fr\/en\/"},{"@type":"ListItem","position":2,"name":"The Collections","item":"https:\/\/lumart.fr\/en\/the-collections\/"},{"@type":"ListItem","position":3,"name":"Swansea - Wall lantern XS"}]}]}},"_links":{"self":[{"href":"https:\/\/lumart.fr\/en\/wp-json\/wp\/v2\/product\/11446"}],"collection":[{"href":"https:\/\/lumart.fr\/en\/wp-json\/wp\/v2\/product"}],"about":[{"href":"https:\/\/lumart.fr\/en\/wp-json\/wp\/v2\/types\/product"}],"wp:featuredmedia":[{"embeddable":true,"href":"https:\/\/lumart.fr\/en\/wp-json\/wp\/v2\/media\/2975"}],"wp:attachment":[{"href":"https:\/\/lumart.fr\/en\/wp-json\/wp\/v2\/media?parent=11446"}],"wp:term":[{"taxonomy":"product_cat","embeddable":true,"href":"https:\/\/lumart.fr\/en\/wp-json\/wp\/v2\/product_cat?post=11446"},{"taxonomy":"product_tag","embeddable":true,"href":"https:\/\/lumart.fr\/en\/wp-json\/wp\/v2\/product_tag?post=11446"}],"curies":[{"name":"wp","href":"https:\/\/api.w.org\/{rel}","templated":true}]}}