{"id":11440,"date":"2018-01-09T06:57:55","date_gmt":"2018-01-09T06:57:55","guid":{"rendered":"https:\/\/lumart.fr\/les-collections\/uncategorized\/cellier-applique-mm-236-3\/"},"modified":"2022-01-11T15:01:47","modified_gmt":"2022-01-11T14:01:47","slug":"cellier-applique-mm-236-3","status":"publish","type":"product","link":"https:\/\/lumart.fr\/en\/the-collections\/outdoor\/wall-lanterns\/cellier-applique-mm-236-3\/","title":{"rendered":"Cellier - Wall lantern M"},"content":{"rendered":"<p>Loosely inspired by the mining lamps of the 19th century, the Cellier Collection includes a wall light and hanging lantern. Whether you live in the country or mountains, this little lantern will be right at home both indoors or outdoors.<\/p>\n","protected":false},"excerpt":{"rendered":"<p>Loosely inspired by the mining lamps of the 19th century, the Cellier Collection includes a wall light and hanging lantern. Whether you live in the country or mountains, this little lantern will be right at home both indoors or outdoors.<\/p>\n","protected":false},"featured_media":8135,"template":"","meta":[],"product_cat":[253],"product_tag":[],"acf":[],"yoast_head":"<!-- This site is optimized with the Yoast SEO plugin v17.8 - https:\/\/yoast.com\/wordpress\/plugins\/seo\/ -->\n<meta name=\"description\" content=\"Librement inspir\u00e9e des lanternes de mineurs au XIX\u00e8me si\u00e8cle, Cellier se d\u00e9cline en applique ou lanterne \u00e0 suspendre. Montagne, campagne, c&#039;est au choix pour cette petite lanterne qui trouvera aussi bien sa place \u00e0 l&#039;ext\u00e9rieur qu&#039;\u00e0 l&#039;int\u00e9rieur.\" \/>\n<meta name=\"robots\" content=\"index, follow, max-snippet:-1, max-image-preview:large, max-video-preview:-1\" \/>\n<link rel=\"canonical\" href=\"https:\/\/lumart.fr\/en\/the-collections\/outdoor\/wall-lanterns\/cellier-applique-mm-236-3\/\" \/>\n<meta property=\"og:locale\" content=\"en_US\" \/>\n<meta property=\"og:type\" content=\"article\" \/>\n<meta property=\"og:title\" content=\"Applique Cellier MM (236\/3) - Lum&#039;art\" \/>\n<meta property=\"og:description\" content=\"Librement inspir\u00e9e des lanternes de mineurs au XIX\u00e8me si\u00e8cle, Cellier se d\u00e9cline en applique ou lanterne \u00e0 suspendre. Montagne, campagne, c&#039;est au choix pour cette petite lanterne qui trouvera aussi bien sa place \u00e0 l&#039;ext\u00e9rieur qu&#039;\u00e0 l&#039;int\u00e9rieur.\" \/>\n<meta property=\"og:url\" content=\"https:\/\/lumart.fr\/en\/the-collections\/outdoor\/wall-lanterns\/cellier-applique-mm-236-3\/\" \/>\n<meta property=\"og:site_name\" content=\"Lum&#039;Art\" \/>\n<meta property=\"article:publisher\" content=\"https:\/\/www.facebook.com\/LumArt-1543826629180391\/\" \/>\n<meta property=\"article:modified_time\" content=\"2022-01-11T14:01:47+00:00\" \/>\n<meta property=\"og:image\" content=\"https:\/\/lumart.fr\/wp-content\/uploads\/2018\/01\/236-3-Applique-Cellier-MM-VDG-Lumart-BD2-1.jpg\" \/>\n\t<meta property=\"og:image:width\" content=\"2551\" \/>\n\t<meta property=\"og:image:height\" content=\"1701\" \/>\n<meta name=\"twitter:card\" content=\"summary\" \/>\n<script type=\"application\/ld+json\" class=\"yoast-schema-graph\">{\"@context\":\"https:\/\/schema.org\",\"@graph\":[{\"@type\":\"WebSite\",\"@id\":\"https:\/\/lumart.fr\/fr\/#website\",\"url\":\"https:\/\/lumart.fr\/fr\/\",\"name\":\"Lum'art\",\"description\":\"\",\"potentialAction\":[{\"@type\":\"SearchAction\",\"target\":{\"@type\":\"EntryPoint\",\"urlTemplate\":\"https:\/\/lumart.fr\/fr\/?s={search_term_string}\"},\"query-input\":\"required name=search_term_string\"}],\"inLanguage\":\"en-US\"},{\"@type\":\"ImageObject\",\"@id\":\"https:\/\/lumart.fr\/en\/the-collections\/outdoor\/wall-lanterns\/cellier-applique-mm-236-3\/#primaryimage\",\"inLanguage\":\"en-US\",\"url\":\"\/wp-content\/uploads\/2018\/01\/236-3-Applique-Cellier-MM-VDG-Lumart-BD2-1.jpg\",\"contentUrl\":\"\/wp-content\/uploads\/2018\/01\/236-3-Applique-Cellier-MM-VDG-Lumart-BD2-1.jpg\",\"width\":2551,\"height\":1701,\"caption\":\"Cellier wall lantern, M size, verdigris\"},{\"@type\":\"WebPage\",\"@id\":\"https:\/\/lumart.fr\/en\/the-collections\/outdoor\/wall-lanterns\/cellier-applique-mm-236-3\/#webpage\",\"url\":\"https:\/\/lumart.fr\/en\/the-collections\/outdoor\/wall-lanterns\/cellier-applique-mm-236-3\/\",\"name\":\"Applique Cellier MM (236\/3) - Lum'art\",\"isPartOf\":{\"@id\":\"https:\/\/lumart.fr\/fr\/#website\"},\"primaryImageOfPage\":{\"@id\":\"https:\/\/lumart.fr\/en\/the-collections\/outdoor\/wall-lanterns\/cellier-applique-mm-236-3\/#primaryimage\"},\"datePublished\":\"2018-01-09T06:57:55+00:00\",\"dateModified\":\"2022-01-11T14:01:47+00:00\",\"description\":\"Librement inspir\\u00e9e des lanternes de mineurs au XIX\\u00e8me si\\u00e8cle, Cellier se d\\u00e9cline en applique ou lanterne \\u00e0 suspendre. Montagne, campagne, c'est au choix pour cette petite lanterne qui trouvera aussi bien sa place \\u00e0 l'ext\\u00e9rieur qu'\\u00e0 l'int\\u00e9rieur.\",\"breadcrumb\":{\"@id\":\"https:\/\/lumart.fr\/en\/the-collections\/outdoor\/wall-lanterns\/cellier-applique-mm-236-3\/#breadcrumb\"},\"inLanguage\":\"en-US\",\"potentialAction\":[{\"@type\":\"ReadAction\",\"target\":[\"https:\/\/lumart.fr\/en\/the-collections\/outdoor\/wall-lanterns\/cellier-applique-mm-236-3\/\"]}]},{\"@type\":\"BreadcrumbList\",\"@id\":\"https:\/\/lumart.fr\/en\/the-collections\/outdoor\/wall-lanterns\/cellier-applique-mm-236-3\/#breadcrumb\",\"itemListElement\":[{\"@type\":\"ListItem\",\"position\":1,\"name\":\"Home\",\"item\":\"https:\/\/lumart.fr\/en\/\"},{\"@type\":\"ListItem\",\"position\":2,\"name\":\"The Collections\",\"item\":\"https:\/\/lumart.fr\/en\/the-collections\/\"},{\"@type\":\"ListItem\",\"position\":3,\"name\":\"Cellier - Wall lantern M\"}]}]}<\/script>\n<!-- \/ Yoast SEO plugin. -->","yoast_head_json":{"description":"Librement inspir\u00e9e des lanternes de mineurs au XIX\u00e8me si\u00e8cle, Cellier se d\u00e9cline en applique ou lanterne \u00e0 suspendre. Montagne, campagne, c'est au choix pour cette petite lanterne qui trouvera aussi bien sa place \u00e0 l'ext\u00e9rieur qu'\u00e0 l'int\u00e9rieur.","robots":{"index":"index","follow":"follow","max-snippet":"max-snippet:-1","max-image-preview":"max-image-preview:large","max-video-preview":"max-video-preview:-1"},"canonical":"https:\/\/lumart.fr\/en\/the-collections\/outdoor\/wall-lanterns\/cellier-applique-mm-236-3\/","og_locale":"en_US","og_type":"article","og_title":"Applique Cellier MM (236\/3) - Lum'art","og_description":"Librement inspir\u00e9e des lanternes de mineurs au XIX\u00e8me si\u00e8cle, Cellier se d\u00e9cline en applique ou lanterne \u00e0 suspendre. Montagne, campagne, c'est au choix pour cette petite lanterne qui trouvera aussi bien sa place \u00e0 l'ext\u00e9rieur qu'\u00e0 l'int\u00e9rieur.","og_url":"https:\/\/lumart.fr\/en\/the-collections\/outdoor\/wall-lanterns\/cellier-applique-mm-236-3\/","og_site_name":"Lum&#039;Art","article_publisher":"https:\/\/www.facebook.com\/LumArt-1543826629180391\/","article_modified_time":"2022-01-11T14:01:47+00:00","og_image":[{"width":2551,"height":1701,"url":"https:\/\/lumart.fr\/wp-content\/uploads\/2018\/01\/236-3-Applique-Cellier-MM-VDG-Lumart-BD2-1.jpg","type":"image\/jpeg"}],"twitter_card":"summary","schema":{"@context":"https:\/\/schema.org","@graph":[{"@type":"WebSite","@id":"https:\/\/lumart.fr\/fr\/#website","url":"https:\/\/lumart.fr\/fr\/","name":"Lum'art","description":"","potentialAction":[{"@type":"SearchAction","target":{"@type":"EntryPoint","urlTemplate":"https:\/\/lumart.fr\/fr\/?s={search_term_string}"},"query-input":"required name=search_term_string"}],"inLanguage":"en-US"},{"@type":"ImageObject","@id":"https:\/\/lumart.fr\/en\/the-collections\/outdoor\/wall-lanterns\/cellier-applique-mm-236-3\/#primaryimage","inLanguage":"en-US","url":"\/wp-content\/uploads\/2018\/01\/236-3-Applique-Cellier-MM-VDG-Lumart-BD2-1.jpg","contentUrl":"\/wp-content\/uploads\/2018\/01\/236-3-Applique-Cellier-MM-VDG-Lumart-BD2-1.jpg","width":2551,"height":1701,"caption":"Cellier wall lantern, M size, verdigris"},{"@type":"WebPage","@id":"https:\/\/lumart.fr\/en\/the-collections\/outdoor\/wall-lanterns\/cellier-applique-mm-236-3\/#webpage","url":"https:\/\/lumart.fr\/en\/the-collections\/outdoor\/wall-lanterns\/cellier-applique-mm-236-3\/","name":"Applique Cellier MM (236\/3) - Lum'art","isPartOf":{"@id":"https:\/\/lumart.fr\/fr\/#website"},"primaryImageOfPage":{"@id":"https:\/\/lumart.fr\/en\/the-collections\/outdoor\/wall-lanterns\/cellier-applique-mm-236-3\/#primaryimage"},"datePublished":"2018-01-09T06:57:55+00:00","dateModified":"2022-01-11T14:01:47+00:00","description":"Librement inspir\u00e9e des lanternes de mineurs au XIX\u00e8me si\u00e8cle, Cellier se d\u00e9cline en applique ou lanterne \u00e0 suspendre. Montagne, campagne, c'est au choix pour cette petite lanterne qui trouvera aussi bien sa place \u00e0 l'ext\u00e9rieur qu'\u00e0 l'int\u00e9rieur.","breadcrumb":{"@id":"https:\/\/lumart.fr\/en\/the-collections\/outdoor\/wall-lanterns\/cellier-applique-mm-236-3\/#breadcrumb"},"inLanguage":"en-US","potentialAction":[{"@type":"ReadAction","target":["https:\/\/lumart.fr\/en\/the-collections\/outdoor\/wall-lanterns\/cellier-applique-mm-236-3\/"]}]},{"@type":"BreadcrumbList","@id":"https:\/\/lumart.fr\/en\/the-collections\/outdoor\/wall-lanterns\/cellier-applique-mm-236-3\/#breadcrumb","itemListElement":[{"@type":"ListItem","position":1,"name":"Home","item":"https:\/\/lumart.fr\/en\/"},{"@type":"ListItem","position":2,"name":"The Collections","item":"https:\/\/lumart.fr\/en\/the-collections\/"},{"@type":"ListItem","position":3,"name":"Cellier - Wall lantern M"}]}]}},"_links":{"self":[{"href":"https:\/\/lumart.fr\/en\/wp-json\/wp\/v2\/product\/11440"}],"collection":[{"href":"https:\/\/lumart.fr\/en\/wp-json\/wp\/v2\/product"}],"about":[{"href":"https:\/\/lumart.fr\/en\/wp-json\/wp\/v2\/types\/product"}],"wp:featuredmedia":[{"embeddable":true,"href":"https:\/\/lumart.fr\/en\/wp-json\/wp\/v2\/media\/8135"}],"wp:attachment":[{"href":"https:\/\/lumart.fr\/en\/wp-json\/wp\/v2\/media?parent=11440"}],"wp:term":[{"taxonomy":"product_cat","embeddable":true,"href":"https:\/\/lumart.fr\/en\/wp-json\/wp\/v2\/product_cat?post=11440"},{"taxonomy":"product_tag","embeddable":true,"href":"https:\/\/lumart.fr\/en\/wp-json\/wp\/v2\/product_tag?post=11440"}],"curies":[{"name":"wp","href":"https:\/\/api.w.org\/{rel}","templated":true}]}}