{"id":11438,"date":"2018-01-08T15:28:13","date_gmt":"2018-01-08T15:28:13","guid":{"rendered":"https:\/\/lumart.fr\/les-collections\/uncategorized\/antana-applique-mm-2154\/"},"modified":"2022-01-11T15:48:01","modified_gmt":"2022-01-11T14:48:01","slug":"antana-applique-mm-2154","status":"publish","type":"product","link":"https:\/\/lumart.fr\/en\/the-collections\/outdoor\/wall-lanterns\/antana-applique-mm-2154\/","title":{"rendered":"Antana - Wall lantern M"},"content":{"rendered":"<p>The geometric shapes of the Antana Collection give a truly contemporary look to each style in the collection. The Antana lantern further accentuates its signature geometric design with one or two lights at its base.<\/p>\n","protected":false},"excerpt":{"rendered":"<p>The geometric shapes of the Antana Collection give a truly contemporary look to each style in the collection. The Antana lantern further accentuates its signature geometric design with one or two lights at its base.<\/p>\n","protected":false},"featured_media":8123,"template":"","meta":[],"product_cat":[253],"product_tag":[],"acf":[],"yoast_head":"<!-- This site is optimized with the Yoast SEO plugin v17.8 - https:\/\/yoast.com\/wordpress\/plugins\/seo\/ -->\n<meta name=\"description\" content=\"La rectitude des lignes de la collection Antana conf\u00e8re un esprit r\u00e9solument contemporain \u00e0 l&#039;ensemble des mod\u00e8les. Dans sa version lanterne, Antana accentue encore sa signature design avec un simple ou un double pont de lumi\u00e8res \u00e0 sa base.\" \/>\n<meta name=\"robots\" content=\"index, follow, max-snippet:-1, max-image-preview:large, max-video-preview:-1\" \/>\n<link rel=\"canonical\" href=\"https:\/\/lumart.fr\/en\/the-collections\/outdoor\/wall-lanterns\/antana-applique-mm-2154\/\" \/>\n<meta property=\"og:locale\" content=\"en_US\" \/>\n<meta property=\"og:type\" content=\"article\" \/>\n<meta property=\"og:title\" content=\"Applique Antana MM (2154)\" \/>\n<meta property=\"og:description\" content=\"La rectitude des lignes de la collection Antana conf\u00e8re un esprit r\u00e9solument contemporain \u00e0 l&#039;ensemble des mod\u00e8les. Dans sa version lanterne, Antana accentue encore sa signature design avec un simple ou un double pont de lumi\u00e8res \u00e0 sa base.\" \/>\n<meta property=\"og:url\" content=\"https:\/\/lumart.fr\/en\/the-collections\/outdoor\/wall-lanterns\/antana-applique-mm-2154\/\" \/>\n<meta property=\"og:site_name\" content=\"Lum&#039;Art\" \/>\n<meta property=\"article:publisher\" content=\"https:\/\/www.facebook.com\/LumArt-1543826629180391\/\" \/>\n<meta property=\"article:modified_time\" content=\"2022-01-11T14:48:01+00:00\" \/>\n<meta property=\"og:image\" content=\"https:\/\/lumart.fr\/wp-content\/uploads\/2018\/01\/2154-Applique-Antana-MM-L-Lumart-BD-1-4-1.jpg\" \/>\n\t<meta property=\"og:image:width\" content=\"2551\" \/>\n\t<meta property=\"og:image:height\" content=\"1701\" \/>\n<meta name=\"twitter:card\" content=\"summary\" \/>\n<script type=\"application\/ld+json\" class=\"yoast-schema-graph\">{\"@context\":\"https:\/\/schema.org\",\"@graph\":[{\"@type\":\"WebSite\",\"@id\":\"https:\/\/lumart.fr\/fr\/#website\",\"url\":\"https:\/\/lumart.fr\/fr\/\",\"name\":\"Lum'art\",\"description\":\"\",\"potentialAction\":[{\"@type\":\"SearchAction\",\"target\":{\"@type\":\"EntryPoint\",\"urlTemplate\":\"https:\/\/lumart.fr\/fr\/?s={search_term_string}\"},\"query-input\":\"required name=search_term_string\"}],\"inLanguage\":\"en-US\"},{\"@type\":\"ImageObject\",\"@id\":\"https:\/\/lumart.fr\/en\/the-collections\/outdoor\/wall-lanterns\/antana-applique-mm-2154\/#primaryimage\",\"inLanguage\":\"en-US\",\"url\":\"\/wp-content\/uploads\/2018\/01\/2154-Applique-Antana-MM-L-Lumart-BD-1-4-1.jpg\",\"contentUrl\":\"\/wp-content\/uploads\/2018\/01\/2154-Applique-Antana-MM-L-Lumart-BD-1-4-1.jpg\",\"width\":2551,\"height\":1701,\"caption\":\"Antana wall lantern, M size, black painting\"},{\"@type\":\"WebPage\",\"@id\":\"https:\/\/lumart.fr\/en\/the-collections\/outdoor\/wall-lanterns\/antana-applique-mm-2154\/#webpage\",\"url\":\"https:\/\/lumart.fr\/en\/the-collections\/outdoor\/wall-lanterns\/antana-applique-mm-2154\/\",\"name\":\"Applique Antana MM (2154)\",\"isPartOf\":{\"@id\":\"https:\/\/lumart.fr\/fr\/#website\"},\"primaryImageOfPage\":{\"@id\":\"https:\/\/lumart.fr\/en\/the-collections\/outdoor\/wall-lanterns\/antana-applique-mm-2154\/#primaryimage\"},\"datePublished\":\"2018-01-08T15:28:13+00:00\",\"dateModified\":\"2022-01-11T14:48:01+00:00\",\"description\":\"La rectitude des lignes de la collection Antana conf\\u00e8re un esprit r\\u00e9solument contemporain \\u00e0 l'ensemble des mod\\u00e8les. Dans sa version lanterne, Antana accentue encore sa signature design avec un simple ou un double pont de lumi\\u00e8res \\u00e0 sa base.\",\"breadcrumb\":{\"@id\":\"https:\/\/lumart.fr\/en\/the-collections\/outdoor\/wall-lanterns\/antana-applique-mm-2154\/#breadcrumb\"},\"inLanguage\":\"en-US\",\"potentialAction\":[{\"@type\":\"ReadAction\",\"target\":[\"https:\/\/lumart.fr\/en\/the-collections\/outdoor\/wall-lanterns\/antana-applique-mm-2154\/\"]}]},{\"@type\":\"BreadcrumbList\",\"@id\":\"https:\/\/lumart.fr\/en\/the-collections\/outdoor\/wall-lanterns\/antana-applique-mm-2154\/#breadcrumb\",\"itemListElement\":[{\"@type\":\"ListItem\",\"position\":1,\"name\":\"Home\",\"item\":\"https:\/\/lumart.fr\/en\/\"},{\"@type\":\"ListItem\",\"position\":2,\"name\":\"The Collections\",\"item\":\"https:\/\/lumart.fr\/en\/the-collections\/\"},{\"@type\":\"ListItem\",\"position\":3,\"name\":\"Antana - Wall lantern M\"}]}]}<\/script>\n<!-- \/ Yoast SEO plugin. -->","yoast_head_json":{"description":"La rectitude des lignes de la collection Antana conf\u00e8re un esprit r\u00e9solument contemporain \u00e0 l'ensemble des mod\u00e8les. Dans sa version lanterne, Antana accentue encore sa signature design avec un simple ou un double pont de lumi\u00e8res \u00e0 sa base.","robots":{"index":"index","follow":"follow","max-snippet":"max-snippet:-1","max-image-preview":"max-image-preview:large","max-video-preview":"max-video-preview:-1"},"canonical":"https:\/\/lumart.fr\/en\/the-collections\/outdoor\/wall-lanterns\/antana-applique-mm-2154\/","og_locale":"en_US","og_type":"article","og_title":"Applique Antana MM (2154)","og_description":"La rectitude des lignes de la collection Antana conf\u00e8re un esprit r\u00e9solument contemporain \u00e0 l'ensemble des mod\u00e8les. Dans sa version lanterne, Antana accentue encore sa signature design avec un simple ou un double pont de lumi\u00e8res \u00e0 sa base.","og_url":"https:\/\/lumart.fr\/en\/the-collections\/outdoor\/wall-lanterns\/antana-applique-mm-2154\/","og_site_name":"Lum&#039;Art","article_publisher":"https:\/\/www.facebook.com\/LumArt-1543826629180391\/","article_modified_time":"2022-01-11T14:48:01+00:00","og_image":[{"width":2551,"height":1701,"url":"https:\/\/lumart.fr\/wp-content\/uploads\/2018\/01\/2154-Applique-Antana-MM-L-Lumart-BD-1-4-1.jpg","type":"image\/jpeg"}],"twitter_card":"summary","schema":{"@context":"https:\/\/schema.org","@graph":[{"@type":"WebSite","@id":"https:\/\/lumart.fr\/fr\/#website","url":"https:\/\/lumart.fr\/fr\/","name":"Lum'art","description":"","potentialAction":[{"@type":"SearchAction","target":{"@type":"EntryPoint","urlTemplate":"https:\/\/lumart.fr\/fr\/?s={search_term_string}"},"query-input":"required name=search_term_string"}],"inLanguage":"en-US"},{"@type":"ImageObject","@id":"https:\/\/lumart.fr\/en\/the-collections\/outdoor\/wall-lanterns\/antana-applique-mm-2154\/#primaryimage","inLanguage":"en-US","url":"\/wp-content\/uploads\/2018\/01\/2154-Applique-Antana-MM-L-Lumart-BD-1-4-1.jpg","contentUrl":"\/wp-content\/uploads\/2018\/01\/2154-Applique-Antana-MM-L-Lumart-BD-1-4-1.jpg","width":2551,"height":1701,"caption":"Antana wall lantern, M size, black painting"},{"@type":"WebPage","@id":"https:\/\/lumart.fr\/en\/the-collections\/outdoor\/wall-lanterns\/antana-applique-mm-2154\/#webpage","url":"https:\/\/lumart.fr\/en\/the-collections\/outdoor\/wall-lanterns\/antana-applique-mm-2154\/","name":"Applique Antana MM (2154)","isPartOf":{"@id":"https:\/\/lumart.fr\/fr\/#website"},"primaryImageOfPage":{"@id":"https:\/\/lumart.fr\/en\/the-collections\/outdoor\/wall-lanterns\/antana-applique-mm-2154\/#primaryimage"},"datePublished":"2018-01-08T15:28:13+00:00","dateModified":"2022-01-11T14:48:01+00:00","description":"La rectitude des lignes de la collection Antana conf\u00e8re un esprit r\u00e9solument contemporain \u00e0 l'ensemble des mod\u00e8les. Dans sa version lanterne, Antana accentue encore sa signature design avec un simple ou un double pont de lumi\u00e8res \u00e0 sa base.","breadcrumb":{"@id":"https:\/\/lumart.fr\/en\/the-collections\/outdoor\/wall-lanterns\/antana-applique-mm-2154\/#breadcrumb"},"inLanguage":"en-US","potentialAction":[{"@type":"ReadAction","target":["https:\/\/lumart.fr\/en\/the-collections\/outdoor\/wall-lanterns\/antana-applique-mm-2154\/"]}]},{"@type":"BreadcrumbList","@id":"https:\/\/lumart.fr\/en\/the-collections\/outdoor\/wall-lanterns\/antana-applique-mm-2154\/#breadcrumb","itemListElement":[{"@type":"ListItem","position":1,"name":"Home","item":"https:\/\/lumart.fr\/en\/"},{"@type":"ListItem","position":2,"name":"The Collections","item":"https:\/\/lumart.fr\/en\/the-collections\/"},{"@type":"ListItem","position":3,"name":"Antana - Wall lantern M"}]}]}},"_links":{"self":[{"href":"https:\/\/lumart.fr\/en\/wp-json\/wp\/v2\/product\/11438"}],"collection":[{"href":"https:\/\/lumart.fr\/en\/wp-json\/wp\/v2\/product"}],"about":[{"href":"https:\/\/lumart.fr\/en\/wp-json\/wp\/v2\/types\/product"}],"wp:featuredmedia":[{"embeddable":true,"href":"https:\/\/lumart.fr\/en\/wp-json\/wp\/v2\/media\/8123"}],"wp:attachment":[{"href":"https:\/\/lumart.fr\/en\/wp-json\/wp\/v2\/media?parent=11438"}],"wp:term":[{"taxonomy":"product_cat","embeddable":true,"href":"https:\/\/lumart.fr\/en\/wp-json\/wp\/v2\/product_cat?post=11438"},{"taxonomy":"product_tag","embeddable":true,"href":"https:\/\/lumart.fr\/en\/wp-json\/wp\/v2\/product_tag?post=11438"}],"curies":[{"name":"wp","href":"https:\/\/api.w.org\/{rel}","templated":true}]}}