{"id":11430,"date":"2017-12-18T14:36:32","date_gmt":"2017-12-18T14:36:32","guid":{"rendered":"https:\/\/lumart.fr\/les-collections\/uncategorized\/vieux-manoir-lanterne-tgm-143\/"},"modified":"2022-01-12T11:21:32","modified_gmt":"2022-01-12T10:21:32","slug":"vieux-manoir-lanterne-tgm-143","status":"publish","type":"product","link":"https:\/\/lumart.fr\/en\/the-collections\/outdoor\/lanterns\/vieux-manoir-lanterne-tgm-143\/","title":{"rendered":"Vieux Manoir - Lantern XL"},"content":{"rendered":"<p>The Vieux Manoir Collection is a 18th century Flamboyant style classic. Particularly elegant and thin, this lantern is completely at home both indoors and outdoors in a setting befitting a king!<\/p>\n","protected":false},"excerpt":{"rendered":"<p>The Vieux Manoir Collection is a 18th century Flamboyant style classic. Particularly elegant and thin, this lantern is completely at home both indoors and outdoors in a setting befitting a king!<\/p>\n","protected":false},"featured_media":1590,"template":"","meta":[],"product_cat":[258],"product_tag":[],"acf":[],"yoast_head":"<!-- This site is optimized with the Yoast SEO plugin v17.8 - https:\/\/yoast.com\/wordpress\/plugins\/seo\/ -->\n<meta name=\"description\" content=\"La collection Vieux Manoir est un grand classique du XVIII\u00e8me flamboyant. Particuli\u00e8rement \u00e9l\u00e9gante et \u00e9lanc\u00e9e, cette lanterne est tout \u00e0 son aise aussi bien \u00e0 l&#039;ext\u00e9rieur qu&#039;\u00e0 l&#039;int\u00e9rieur dans un environnement qui lui sied, noblesse oblige !\" \/>\n<meta name=\"robots\" content=\"index, follow, max-snippet:-1, max-image-preview:large, max-video-preview:-1\" \/>\n<link rel=\"canonical\" href=\"https:\/\/lumart.fr\/en\/the-collections\/outdoor\/lanterns\/vieux-manoir-lanterne-tgm-143\/\" \/>\n<meta property=\"og:locale\" content=\"en_US\" \/>\n<meta property=\"og:type\" content=\"article\" \/>\n<meta property=\"og:title\" content=\"Lanterne Vieux Manoir TGM (143) - Lum&#039;art\" \/>\n<meta property=\"og:description\" content=\"La collection Vieux Manoir est un grand classique du XVIII\u00e8me flamboyant. Particuli\u00e8rement \u00e9l\u00e9gante et \u00e9lanc\u00e9e, cette lanterne est tout \u00e0 son aise aussi bien \u00e0 l&#039;ext\u00e9rieur qu&#039;\u00e0 l&#039;int\u00e9rieur dans un environnement qui lui sied, noblesse oblige !\" \/>\n<meta property=\"og:url\" content=\"https:\/\/lumart.fr\/en\/the-collections\/outdoor\/lanterns\/vieux-manoir-lanterne-tgm-143\/\" \/>\n<meta property=\"og:site_name\" content=\"Lum&#039;Art\" \/>\n<meta property=\"article:publisher\" content=\"https:\/\/www.facebook.com\/LumArt-1543826629180391\/\" \/>\n<meta property=\"article:modified_time\" content=\"2022-01-12T10:21:32+00:00\" \/>\n<meta property=\"og:image\" content=\"https:\/\/lumart.fr\/wp-content\/uploads\/2017\/12\/143-Lanterne-Vieux-Manoir-TGM-VZ-Lumart-BD-1.jpg\" \/>\n\t<meta property=\"og:image:width\" content=\"2551\" \/>\n\t<meta property=\"og:image:height\" content=\"1701\" \/>\n<meta name=\"twitter:card\" content=\"summary\" \/>\n<script type=\"application\/ld+json\" class=\"yoast-schema-graph\">{\"@context\":\"https:\/\/schema.org\",\"@graph\":[{\"@type\":\"WebSite\",\"@id\":\"https:\/\/lumart.fr\/fr\/#website\",\"url\":\"https:\/\/lumart.fr\/fr\/\",\"name\":\"Lum'art\",\"description\":\"\",\"potentialAction\":[{\"@type\":\"SearchAction\",\"target\":{\"@type\":\"EntryPoint\",\"urlTemplate\":\"https:\/\/lumart.fr\/fr\/?s={search_term_string}\"},\"query-input\":\"required name=search_term_string\"}],\"inLanguage\":\"en-US\"},{\"@type\":\"ImageObject\",\"@id\":\"https:\/\/lumart.fr\/en\/the-collections\/outdoor\/lanterns\/vieux-manoir-lanterne-tgm-143\/#primaryimage\",\"inLanguage\":\"en-US\",\"url\":\"\/wp-content\/uploads\/2017\/12\/143-Lanterne-Vieux-Manoir-TGM-VZ-Lumart-BD-1.jpg\",\"contentUrl\":\"\/wp-content\/uploads\/2017\/12\/143-Lanterne-Vieux-Manoir-TGM-VZ-Lumart-BD-1.jpg\",\"width\":2551,\"height\":1701,\"caption\":\"Vieux Manoir lantern, XL size, aged zinc\"},{\"@type\":\"WebPage\",\"@id\":\"https:\/\/lumart.fr\/en\/the-collections\/outdoor\/lanterns\/vieux-manoir-lanterne-tgm-143\/#webpage\",\"url\":\"https:\/\/lumart.fr\/en\/the-collections\/outdoor\/lanterns\/vieux-manoir-lanterne-tgm-143\/\",\"name\":\"Lanterne Vieux Manoir TGM (143) - Lum'art\",\"isPartOf\":{\"@id\":\"https:\/\/lumart.fr\/fr\/#website\"},\"primaryImageOfPage\":{\"@id\":\"https:\/\/lumart.fr\/en\/the-collections\/outdoor\/lanterns\/vieux-manoir-lanterne-tgm-143\/#primaryimage\"},\"datePublished\":\"2017-12-18T14:36:32+00:00\",\"dateModified\":\"2022-01-12T10:21:32+00:00\",\"description\":\"La collection Vieux Manoir est un grand classique du XVIII\\u00e8me flamboyant. Particuli\\u00e8rement \\u00e9l\\u00e9gante et \\u00e9lanc\\u00e9e, cette lanterne est tout \\u00e0 son aise aussi bien \\u00e0 l'ext\\u00e9rieur qu'\\u00e0 l'int\\u00e9rieur dans un environnement qui lui sied, noblesse oblige !\",\"breadcrumb\":{\"@id\":\"https:\/\/lumart.fr\/en\/the-collections\/outdoor\/lanterns\/vieux-manoir-lanterne-tgm-143\/#breadcrumb\"},\"inLanguage\":\"en-US\",\"potentialAction\":[{\"@type\":\"ReadAction\",\"target\":[\"https:\/\/lumart.fr\/en\/the-collections\/outdoor\/lanterns\/vieux-manoir-lanterne-tgm-143\/\"]}]},{\"@type\":\"BreadcrumbList\",\"@id\":\"https:\/\/lumart.fr\/en\/the-collections\/outdoor\/lanterns\/vieux-manoir-lanterne-tgm-143\/#breadcrumb\",\"itemListElement\":[{\"@type\":\"ListItem\",\"position\":1,\"name\":\"Home\",\"item\":\"https:\/\/lumart.fr\/en\/\"},{\"@type\":\"ListItem\",\"position\":2,\"name\":\"The Collections\",\"item\":\"https:\/\/lumart.fr\/en\/the-collections\/\"},{\"@type\":\"ListItem\",\"position\":3,\"name\":\"Vieux Manoir - Lantern XL\"}]}]}<\/script>\n<!-- \/ Yoast SEO plugin. -->","yoast_head_json":{"description":"La collection Vieux Manoir est un grand classique du XVIII\u00e8me flamboyant. Particuli\u00e8rement \u00e9l\u00e9gante et \u00e9lanc\u00e9e, cette lanterne est tout \u00e0 son aise aussi bien \u00e0 l'ext\u00e9rieur qu'\u00e0 l'int\u00e9rieur dans un environnement qui lui sied, noblesse oblige !","robots":{"index":"index","follow":"follow","max-snippet":"max-snippet:-1","max-image-preview":"max-image-preview:large","max-video-preview":"max-video-preview:-1"},"canonical":"https:\/\/lumart.fr\/en\/the-collections\/outdoor\/lanterns\/vieux-manoir-lanterne-tgm-143\/","og_locale":"en_US","og_type":"article","og_title":"Lanterne Vieux Manoir TGM (143) - Lum'art","og_description":"La collection Vieux Manoir est un grand classique du XVIII\u00e8me flamboyant. Particuli\u00e8rement \u00e9l\u00e9gante et \u00e9lanc\u00e9e, cette lanterne est tout \u00e0 son aise aussi bien \u00e0 l'ext\u00e9rieur qu'\u00e0 l'int\u00e9rieur dans un environnement qui lui sied, noblesse oblige !","og_url":"https:\/\/lumart.fr\/en\/the-collections\/outdoor\/lanterns\/vieux-manoir-lanterne-tgm-143\/","og_site_name":"Lum&#039;Art","article_publisher":"https:\/\/www.facebook.com\/LumArt-1543826629180391\/","article_modified_time":"2022-01-12T10:21:32+00:00","og_image":[{"width":2551,"height":1701,"url":"https:\/\/lumart.fr\/wp-content\/uploads\/2017\/12\/143-Lanterne-Vieux-Manoir-TGM-VZ-Lumart-BD-1.jpg","type":"image\/jpeg"}],"twitter_card":"summary","schema":{"@context":"https:\/\/schema.org","@graph":[{"@type":"WebSite","@id":"https:\/\/lumart.fr\/fr\/#website","url":"https:\/\/lumart.fr\/fr\/","name":"Lum'art","description":"","potentialAction":[{"@type":"SearchAction","target":{"@type":"EntryPoint","urlTemplate":"https:\/\/lumart.fr\/fr\/?s={search_term_string}"},"query-input":"required name=search_term_string"}],"inLanguage":"en-US"},{"@type":"ImageObject","@id":"https:\/\/lumart.fr\/en\/the-collections\/outdoor\/lanterns\/vieux-manoir-lanterne-tgm-143\/#primaryimage","inLanguage":"en-US","url":"\/wp-content\/uploads\/2017\/12\/143-Lanterne-Vieux-Manoir-TGM-VZ-Lumart-BD-1.jpg","contentUrl":"\/wp-content\/uploads\/2017\/12\/143-Lanterne-Vieux-Manoir-TGM-VZ-Lumart-BD-1.jpg","width":2551,"height":1701,"caption":"Vieux Manoir lantern, XL size, aged zinc"},{"@type":"WebPage","@id":"https:\/\/lumart.fr\/en\/the-collections\/outdoor\/lanterns\/vieux-manoir-lanterne-tgm-143\/#webpage","url":"https:\/\/lumart.fr\/en\/the-collections\/outdoor\/lanterns\/vieux-manoir-lanterne-tgm-143\/","name":"Lanterne Vieux Manoir TGM (143) - Lum'art","isPartOf":{"@id":"https:\/\/lumart.fr\/fr\/#website"},"primaryImageOfPage":{"@id":"https:\/\/lumart.fr\/en\/the-collections\/outdoor\/lanterns\/vieux-manoir-lanterne-tgm-143\/#primaryimage"},"datePublished":"2017-12-18T14:36:32+00:00","dateModified":"2022-01-12T10:21:32+00:00","description":"La collection Vieux Manoir est un grand classique du XVIII\u00e8me flamboyant. Particuli\u00e8rement \u00e9l\u00e9gante et \u00e9lanc\u00e9e, cette lanterne est tout \u00e0 son aise aussi bien \u00e0 l'ext\u00e9rieur qu'\u00e0 l'int\u00e9rieur dans un environnement qui lui sied, noblesse oblige !","breadcrumb":{"@id":"https:\/\/lumart.fr\/en\/the-collections\/outdoor\/lanterns\/vieux-manoir-lanterne-tgm-143\/#breadcrumb"},"inLanguage":"en-US","potentialAction":[{"@type":"ReadAction","target":["https:\/\/lumart.fr\/en\/the-collections\/outdoor\/lanterns\/vieux-manoir-lanterne-tgm-143\/"]}]},{"@type":"BreadcrumbList","@id":"https:\/\/lumart.fr\/en\/the-collections\/outdoor\/lanterns\/vieux-manoir-lanterne-tgm-143\/#breadcrumb","itemListElement":[{"@type":"ListItem","position":1,"name":"Home","item":"https:\/\/lumart.fr\/en\/"},{"@type":"ListItem","position":2,"name":"The Collections","item":"https:\/\/lumart.fr\/en\/the-collections\/"},{"@type":"ListItem","position":3,"name":"Vieux Manoir - Lantern XL"}]}]}},"_links":{"self":[{"href":"https:\/\/lumart.fr\/en\/wp-json\/wp\/v2\/product\/11430"}],"collection":[{"href":"https:\/\/lumart.fr\/en\/wp-json\/wp\/v2\/product"}],"about":[{"href":"https:\/\/lumart.fr\/en\/wp-json\/wp\/v2\/types\/product"}],"wp:featuredmedia":[{"embeddable":true,"href":"https:\/\/lumart.fr\/en\/wp-json\/wp\/v2\/media\/1590"}],"wp:attachment":[{"href":"https:\/\/lumart.fr\/en\/wp-json\/wp\/v2\/media?parent=11430"}],"wp:term":[{"taxonomy":"product_cat","embeddable":true,"href":"https:\/\/lumart.fr\/en\/wp-json\/wp\/v2\/product_cat?post=11430"},{"taxonomy":"product_tag","embeddable":true,"href":"https:\/\/lumart.fr\/en\/wp-json\/wp\/v2\/product_tag?post=11430"}],"curies":[{"name":"wp","href":"https:\/\/api.w.org\/{rel}","templated":true}]}}