{"id":11428,"date":"2017-12-18T14:36:26","date_gmt":"2017-12-18T14:36:26","guid":{"rendered":"https:\/\/lumart.fr\/les-collections\/uncategorized\/vaucresson-lanterne-tgm-1121\/"},"modified":"2022-01-11T17:22:04","modified_gmt":"2022-01-11T16:22:04","slug":"vaucresson-lanterne-tgm-1121","status":"publish","type":"product","link":"https:\/\/lumart.fr\/en\/the-collections\/outdoor\/lanterns\/vaucresson-lanterne-tgm-1121\/","title":{"rendered":"Vaucresson - Lantern XL"},"content":{"rendered":"<p>With its classic design, the Vaucresson Collection can be paired with a large number of architectural styles. City, country, mountains or seaside, the six sides and the simple design will make you fall in love with it.<\/p>\n","protected":false},"excerpt":{"rendered":"<p>With its classic design, the Vaucresson Collection can be paired with a large number of architectural styles. City, country, mountains or seaside, the six sides and the simple design will make you fall in love with it.<\/p>\n","protected":false},"featured_media":2897,"template":"","meta":[],"product_cat":[258],"product_tag":[],"acf":[],"yoast_head":"<!-- This site is optimized with the Yoast SEO plugin v17.8 - https:\/\/yoast.com\/wordpress\/plugins\/seo\/ -->\n<meta name=\"description\" content=\"Classique dans son design, la collection Vaucresson peut \u00eatre associ\u00e9e \u00e0 un grand nombre de type d&#039;architecture. Ville, campagne, montagne ou mer, ce sont ses 6 faces et la sobri\u00e9t\u00e9 de ses lignes qui vous la feront aimer et choisir.\" \/>\n<meta name=\"robots\" content=\"index, follow, max-snippet:-1, max-image-preview:large, max-video-preview:-1\" \/>\n<link rel=\"canonical\" href=\"https:\/\/lumart.fr\/en\/the-collections\/outdoor\/lanterns\/vaucresson-lanterne-tgm-1121\/\" \/>\n<meta property=\"og:locale\" content=\"en_US\" \/>\n<meta property=\"og:type\" content=\"article\" \/>\n<meta property=\"og:title\" content=\"Lanterne Vaucresson TGM (1121) - Lum&#039;art\" \/>\n<meta property=\"og:description\" content=\"Classique dans son design, la collection Vaucresson peut \u00eatre associ\u00e9e \u00e0 un grand nombre de type d&#039;architecture. Ville, campagne, montagne ou mer, ce sont ses 6 faces et la sobri\u00e9t\u00e9 de ses lignes qui vous la feront aimer et choisir.\" \/>\n<meta property=\"og:url\" content=\"https:\/\/lumart.fr\/en\/the-collections\/outdoor\/lanterns\/vaucresson-lanterne-tgm-1121\/\" \/>\n<meta property=\"og:site_name\" content=\"Lum&#039;Art\" \/>\n<meta property=\"article:publisher\" content=\"https:\/\/www.facebook.com\/LumArt-1543826629180391\/\" \/>\n<meta property=\"article:modified_time\" content=\"2022-01-11T16:22:04+00:00\" \/>\n<meta property=\"og:image\" content=\"https:\/\/lumart.fr\/wp-content\/uploads\/2017\/12\/1121-Lanterne-Vaucresson-TGM-VL-Lumart-BD-2.jpg\" \/>\n\t<meta property=\"og:image:width\" content=\"2551\" \/>\n\t<meta property=\"og:image:height\" content=\"1701\" \/>\n<meta name=\"twitter:card\" content=\"summary\" \/>\n<script type=\"application\/ld+json\" class=\"yoast-schema-graph\">{\"@context\":\"https:\/\/schema.org\",\"@graph\":[{\"@type\":\"WebSite\",\"@id\":\"https:\/\/lumart.fr\/fr\/#website\",\"url\":\"https:\/\/lumart.fr\/fr\/\",\"name\":\"Lum'art\",\"description\":\"\",\"potentialAction\":[{\"@type\":\"SearchAction\",\"target\":{\"@type\":\"EntryPoint\",\"urlTemplate\":\"https:\/\/lumart.fr\/fr\/?s={search_term_string}\"},\"query-input\":\"required name=search_term_string\"}],\"inLanguage\":\"en-US\"},{\"@type\":\"ImageObject\",\"@id\":\"https:\/\/lumart.fr\/en\/the-collections\/outdoor\/lanterns\/vaucresson-lanterne-tgm-1121\/#primaryimage\",\"inLanguage\":\"en-US\",\"url\":\"\/wp-content\/uploads\/2017\/12\/1121-Lanterne-Vaucresson-TGM-VL-Lumart-BD-2.jpg\",\"contentUrl\":\"\/wp-content\/uploads\/2017\/12\/1121-Lanterne-Vaucresson-TGM-VL-Lumart-BD-2.jpg\",\"width\":2551,\"height\":1701,\"caption\":\"Vaucresson lantern, XL size, antique brass\"},{\"@type\":\"WebPage\",\"@id\":\"https:\/\/lumart.fr\/en\/the-collections\/outdoor\/lanterns\/vaucresson-lanterne-tgm-1121\/#webpage\",\"url\":\"https:\/\/lumart.fr\/en\/the-collections\/outdoor\/lanterns\/vaucresson-lanterne-tgm-1121\/\",\"name\":\"Lanterne Vaucresson TGM (1121) - Lum'art\",\"isPartOf\":{\"@id\":\"https:\/\/lumart.fr\/fr\/#website\"},\"primaryImageOfPage\":{\"@id\":\"https:\/\/lumart.fr\/en\/the-collections\/outdoor\/lanterns\/vaucresson-lanterne-tgm-1121\/#primaryimage\"},\"datePublished\":\"2017-12-18T14:36:26+00:00\",\"dateModified\":\"2022-01-11T16:22:04+00:00\",\"description\":\"Classique dans son design, la collection Vaucresson peut \\u00eatre associ\\u00e9e \\u00e0 un grand nombre de type d'architecture. Ville, campagne, montagne ou mer, ce sont ses 6 faces et la sobri\\u00e9t\\u00e9 de ses lignes qui vous la feront aimer et choisir.\",\"breadcrumb\":{\"@id\":\"https:\/\/lumart.fr\/en\/the-collections\/outdoor\/lanterns\/vaucresson-lanterne-tgm-1121\/#breadcrumb\"},\"inLanguage\":\"en-US\",\"potentialAction\":[{\"@type\":\"ReadAction\",\"target\":[\"https:\/\/lumart.fr\/en\/the-collections\/outdoor\/lanterns\/vaucresson-lanterne-tgm-1121\/\"]}]},{\"@type\":\"BreadcrumbList\",\"@id\":\"https:\/\/lumart.fr\/en\/the-collections\/outdoor\/lanterns\/vaucresson-lanterne-tgm-1121\/#breadcrumb\",\"itemListElement\":[{\"@type\":\"ListItem\",\"position\":1,\"name\":\"Home\",\"item\":\"https:\/\/lumart.fr\/en\/\"},{\"@type\":\"ListItem\",\"position\":2,\"name\":\"The Collections\",\"item\":\"https:\/\/lumart.fr\/en\/the-collections\/\"},{\"@type\":\"ListItem\",\"position\":3,\"name\":\"Vaucresson - Lantern XL\"}]}]}<\/script>\n<!-- \/ Yoast SEO plugin. -->","yoast_head_json":{"description":"Classique dans son design, la collection Vaucresson peut \u00eatre associ\u00e9e \u00e0 un grand nombre de type d'architecture. Ville, campagne, montagne ou mer, ce sont ses 6 faces et la sobri\u00e9t\u00e9 de ses lignes qui vous la feront aimer et choisir.","robots":{"index":"index","follow":"follow","max-snippet":"max-snippet:-1","max-image-preview":"max-image-preview:large","max-video-preview":"max-video-preview:-1"},"canonical":"https:\/\/lumart.fr\/en\/the-collections\/outdoor\/lanterns\/vaucresson-lanterne-tgm-1121\/","og_locale":"en_US","og_type":"article","og_title":"Lanterne Vaucresson TGM (1121) - Lum'art","og_description":"Classique dans son design, la collection Vaucresson peut \u00eatre associ\u00e9e \u00e0 un grand nombre de type d'architecture. Ville, campagne, montagne ou mer, ce sont ses 6 faces et la sobri\u00e9t\u00e9 de ses lignes qui vous la feront aimer et choisir.","og_url":"https:\/\/lumart.fr\/en\/the-collections\/outdoor\/lanterns\/vaucresson-lanterne-tgm-1121\/","og_site_name":"Lum&#039;Art","article_publisher":"https:\/\/www.facebook.com\/LumArt-1543826629180391\/","article_modified_time":"2022-01-11T16:22:04+00:00","og_image":[{"width":2551,"height":1701,"url":"https:\/\/lumart.fr\/wp-content\/uploads\/2017\/12\/1121-Lanterne-Vaucresson-TGM-VL-Lumart-BD-2.jpg","type":"image\/jpeg"}],"twitter_card":"summary","schema":{"@context":"https:\/\/schema.org","@graph":[{"@type":"WebSite","@id":"https:\/\/lumart.fr\/fr\/#website","url":"https:\/\/lumart.fr\/fr\/","name":"Lum'art","description":"","potentialAction":[{"@type":"SearchAction","target":{"@type":"EntryPoint","urlTemplate":"https:\/\/lumart.fr\/fr\/?s={search_term_string}"},"query-input":"required name=search_term_string"}],"inLanguage":"en-US"},{"@type":"ImageObject","@id":"https:\/\/lumart.fr\/en\/the-collections\/outdoor\/lanterns\/vaucresson-lanterne-tgm-1121\/#primaryimage","inLanguage":"en-US","url":"\/wp-content\/uploads\/2017\/12\/1121-Lanterne-Vaucresson-TGM-VL-Lumart-BD-2.jpg","contentUrl":"\/wp-content\/uploads\/2017\/12\/1121-Lanterne-Vaucresson-TGM-VL-Lumart-BD-2.jpg","width":2551,"height":1701,"caption":"Vaucresson lantern, XL size, antique brass"},{"@type":"WebPage","@id":"https:\/\/lumart.fr\/en\/the-collections\/outdoor\/lanterns\/vaucresson-lanterne-tgm-1121\/#webpage","url":"https:\/\/lumart.fr\/en\/the-collections\/outdoor\/lanterns\/vaucresson-lanterne-tgm-1121\/","name":"Lanterne Vaucresson TGM (1121) - Lum'art","isPartOf":{"@id":"https:\/\/lumart.fr\/fr\/#website"},"primaryImageOfPage":{"@id":"https:\/\/lumart.fr\/en\/the-collections\/outdoor\/lanterns\/vaucresson-lanterne-tgm-1121\/#primaryimage"},"datePublished":"2017-12-18T14:36:26+00:00","dateModified":"2022-01-11T16:22:04+00:00","description":"Classique dans son design, la collection Vaucresson peut \u00eatre associ\u00e9e \u00e0 un grand nombre de type d'architecture. Ville, campagne, montagne ou mer, ce sont ses 6 faces et la sobri\u00e9t\u00e9 de ses lignes qui vous la feront aimer et choisir.","breadcrumb":{"@id":"https:\/\/lumart.fr\/en\/the-collections\/outdoor\/lanterns\/vaucresson-lanterne-tgm-1121\/#breadcrumb"},"inLanguage":"en-US","potentialAction":[{"@type":"ReadAction","target":["https:\/\/lumart.fr\/en\/the-collections\/outdoor\/lanterns\/vaucresson-lanterne-tgm-1121\/"]}]},{"@type":"BreadcrumbList","@id":"https:\/\/lumart.fr\/en\/the-collections\/outdoor\/lanterns\/vaucresson-lanterne-tgm-1121\/#breadcrumb","itemListElement":[{"@type":"ListItem","position":1,"name":"Home","item":"https:\/\/lumart.fr\/en\/"},{"@type":"ListItem","position":2,"name":"The Collections","item":"https:\/\/lumart.fr\/en\/the-collections\/"},{"@type":"ListItem","position":3,"name":"Vaucresson - Lantern XL"}]}]}},"_links":{"self":[{"href":"https:\/\/lumart.fr\/en\/wp-json\/wp\/v2\/product\/11428"}],"collection":[{"href":"https:\/\/lumart.fr\/en\/wp-json\/wp\/v2\/product"}],"about":[{"href":"https:\/\/lumart.fr\/en\/wp-json\/wp\/v2\/types\/product"}],"wp:featuredmedia":[{"embeddable":true,"href":"https:\/\/lumart.fr\/en\/wp-json\/wp\/v2\/media\/2897"}],"wp:attachment":[{"href":"https:\/\/lumart.fr\/en\/wp-json\/wp\/v2\/media?parent=11428"}],"wp:term":[{"taxonomy":"product_cat","embeddable":true,"href":"https:\/\/lumart.fr\/en\/wp-json\/wp\/v2\/product_cat?post=11428"},{"taxonomy":"product_tag","embeddable":true,"href":"https:\/\/lumart.fr\/en\/wp-json\/wp\/v2\/product_tag?post=11428"}],"curies":[{"name":"wp","href":"https:\/\/api.w.org\/{rel}","templated":true}]}}