{"id":11390,"date":"2017-12-18T14:36:46","date_gmt":"2017-12-18T14:36:46","guid":{"rendered":"https:\/\/lumart.fr\/les-collections\/uncategorized\/cleo-applique-3431\/"},"modified":"2022-01-11T16:20:25","modified_gmt":"2022-01-11T15:20:25","slug":"cleo-applique-3431","status":"publish","type":"product","link":"https:\/\/lumart.fr\/en\/the-collections\/interior\/wall-lights\/cleo-applique-3431\/","title":{"rendered":"Cl\u00e9o - Wall lantern"},"content":{"rendered":"<p>A ball of light delicately placed on its brass or zinc corolla to add decorative touches of light to your wall. Bedroom, bathroom, flanking either side of a mirror or installed in a series in a hallway, Cleo brings a contemporary touch to your interior.<\/p>\n","protected":false},"excerpt":{"rendered":"<p>A ball of light delicately placed on its brass or zinc corolla to add decorative touches of light to your wall. Bedroom, bathroom, flanking either side of a mirror or installed in a series in a hallway, Cleo brings a contemporary touch to your interior. <a href=\"https:\/\/lumart.fr\/en\/the-collections\/interior\/wall-lights\/cleo-applique-3431\/\" class=\"more\">[ &hellip; ]<\/a><\/p>\n","protected":false},"featured_media":3879,"template":"","meta":[],"product_cat":[261],"product_tag":[],"acf":[],"yoast_head":"<!-- This site is optimized with the Yoast SEO plugin v17.8 - https:\/\/yoast.com\/wordpress\/plugins\/seo\/ -->\n<meta name=\"description\" content=\"Une boule de lumi\u00e8re d\u00e9licatement pos\u00e9e sur sa corole de laiton ou de zinc pour ponctuer votre mur de touches de lumi\u00e8re. Chambre, salle de bain, salon, autour d&#039;un miroir \u00e0 jouer en paire, dans un couloir en r\u00e9p\u00e9tition, Cleo apporte une touche contemporaine \u00e0 votre int\u00e9rieur.\" \/>\n<meta name=\"robots\" content=\"index, follow, max-snippet:-1, max-image-preview:large, max-video-preview:-1\" \/>\n<link rel=\"canonical\" href=\"https:\/\/lumart.fr\/en\/the-collections\/interior\/wall-lights\/cleo-applique-3431\/\" \/>\n<meta property=\"og:locale\" content=\"en_US\" \/>\n<meta property=\"og:type\" content=\"article\" \/>\n<meta property=\"og:title\" content=\"Applique Cl\u00e9o (3431) - Lum&#039;art\" \/>\n<meta property=\"og:description\" content=\"Une boule de lumi\u00e8re d\u00e9licatement pos\u00e9e sur sa corole de laiton ou de zinc pour ponctuer votre mur de touches de lumi\u00e8re. Chambre, salle de bain, salon, autour d&#039;un miroir \u00e0 jouer en paire, dans un couloir en r\u00e9p\u00e9tition, Cleo apporte une touche contemporaine \u00e0 votre int\u00e9rieur.\" \/>\n<meta property=\"og:url\" content=\"https:\/\/lumart.fr\/en\/the-collections\/interior\/wall-lights\/cleo-applique-3431\/\" \/>\n<meta property=\"og:site_name\" content=\"Lum&#039;Art\" \/>\n<meta property=\"article:publisher\" content=\"https:\/\/www.facebook.com\/LumArt-1543826629180391\/\" \/>\n<meta property=\"article:modified_time\" content=\"2022-01-11T15:20:25+00:00\" \/>\n<meta property=\"og:image\" content=\"https:\/\/lumart.fr\/wp-content\/uploads\/2017\/12\/3431-Applique-Cleo-LB-Lumart-BD-1.jpg\" \/>\n\t<meta property=\"og:image:width\" content=\"2551\" \/>\n\t<meta property=\"og:image:height\" content=\"1701\" \/>\n<meta name=\"twitter:card\" content=\"summary\" \/>\n<script type=\"application\/ld+json\" class=\"yoast-schema-graph\">{\"@context\":\"https:\/\/schema.org\",\"@graph\":[{\"@type\":\"WebSite\",\"@id\":\"https:\/\/lumart.fr\/fr\/#website\",\"url\":\"https:\/\/lumart.fr\/fr\/\",\"name\":\"Lum'art\",\"description\":\"\",\"potentialAction\":[{\"@type\":\"SearchAction\",\"target\":{\"@type\":\"EntryPoint\",\"urlTemplate\":\"https:\/\/lumart.fr\/fr\/?s={search_term_string}\"},\"query-input\":\"required name=search_term_string\"}],\"inLanguage\":\"en-US\"},{\"@type\":\"ImageObject\",\"@id\":\"https:\/\/lumart.fr\/en\/the-collections\/interior\/wall-lights\/cleo-applique-3431\/#primaryimage\",\"inLanguage\":\"en-US\",\"url\":\"\/wp-content\/uploads\/2017\/12\/3431-Applique-Cleo-LB-Lumart-BD-1.jpg\",\"contentUrl\":\"\/wp-content\/uploads\/2017\/12\/3431-Applique-Cleo-LB-Lumart-BD-1.jpg\",\"width\":2551,\"height\":1701,\"caption\":\"Cl\\u00e9o wall light, brushed brass\"},{\"@type\":\"WebPage\",\"@id\":\"https:\/\/lumart.fr\/en\/the-collections\/interior\/wall-lights\/cleo-applique-3431\/#webpage\",\"url\":\"https:\/\/lumart.fr\/en\/the-collections\/interior\/wall-lights\/cleo-applique-3431\/\",\"name\":\"Applique Cl\\u00e9o (3431) - Lum'art\",\"isPartOf\":{\"@id\":\"https:\/\/lumart.fr\/fr\/#website\"},\"primaryImageOfPage\":{\"@id\":\"https:\/\/lumart.fr\/en\/the-collections\/interior\/wall-lights\/cleo-applique-3431\/#primaryimage\"},\"datePublished\":\"2017-12-18T14:36:46+00:00\",\"dateModified\":\"2022-01-11T15:20:25+00:00\",\"description\":\"Une boule de lumi\\u00e8re d\\u00e9licatement pos\\u00e9e sur sa corole de laiton ou de zinc pour ponctuer votre mur de touches de lumi\\u00e8re. Chambre, salle de bain, salon, autour d'un miroir \\u00e0 jouer en paire, dans un couloir en r\\u00e9p\\u00e9tition, Cleo apporte une touche contemporaine \\u00e0 votre int\\u00e9rieur.\",\"breadcrumb\":{\"@id\":\"https:\/\/lumart.fr\/en\/the-collections\/interior\/wall-lights\/cleo-applique-3431\/#breadcrumb\"},\"inLanguage\":\"en-US\",\"potentialAction\":[{\"@type\":\"ReadAction\",\"target\":[\"https:\/\/lumart.fr\/en\/the-collections\/interior\/wall-lights\/cleo-applique-3431\/\"]}]},{\"@type\":\"BreadcrumbList\",\"@id\":\"https:\/\/lumart.fr\/en\/the-collections\/interior\/wall-lights\/cleo-applique-3431\/#breadcrumb\",\"itemListElement\":[{\"@type\":\"ListItem\",\"position\":1,\"name\":\"Home\",\"item\":\"https:\/\/lumart.fr\/en\/\"},{\"@type\":\"ListItem\",\"position\":2,\"name\":\"The Collections\",\"item\":\"https:\/\/lumart.fr\/en\/the-collections\/\"},{\"@type\":\"ListItem\",\"position\":3,\"name\":\"Cl\\u00e9o - Wall lantern\"}]}]}<\/script>\n<!-- \/ Yoast SEO plugin. -->","yoast_head_json":{"description":"Une boule de lumi\u00e8re d\u00e9licatement pos\u00e9e sur sa corole de laiton ou de zinc pour ponctuer votre mur de touches de lumi\u00e8re. Chambre, salle de bain, salon, autour d'un miroir \u00e0 jouer en paire, dans un couloir en r\u00e9p\u00e9tition, Cleo apporte une touche contemporaine \u00e0 votre int\u00e9rieur.","robots":{"index":"index","follow":"follow","max-snippet":"max-snippet:-1","max-image-preview":"max-image-preview:large","max-video-preview":"max-video-preview:-1"},"canonical":"https:\/\/lumart.fr\/en\/the-collections\/interior\/wall-lights\/cleo-applique-3431\/","og_locale":"en_US","og_type":"article","og_title":"Applique Cl\u00e9o (3431) - Lum'art","og_description":"Une boule de lumi\u00e8re d\u00e9licatement pos\u00e9e sur sa corole de laiton ou de zinc pour ponctuer votre mur de touches de lumi\u00e8re. Chambre, salle de bain, salon, autour d'un miroir \u00e0 jouer en paire, dans un couloir en r\u00e9p\u00e9tition, Cleo apporte une touche contemporaine \u00e0 votre int\u00e9rieur.","og_url":"https:\/\/lumart.fr\/en\/the-collections\/interior\/wall-lights\/cleo-applique-3431\/","og_site_name":"Lum&#039;Art","article_publisher":"https:\/\/www.facebook.com\/LumArt-1543826629180391\/","article_modified_time":"2022-01-11T15:20:25+00:00","og_image":[{"width":2551,"height":1701,"url":"https:\/\/lumart.fr\/wp-content\/uploads\/2017\/12\/3431-Applique-Cleo-LB-Lumart-BD-1.jpg","type":"image\/jpeg"}],"twitter_card":"summary","schema":{"@context":"https:\/\/schema.org","@graph":[{"@type":"WebSite","@id":"https:\/\/lumart.fr\/fr\/#website","url":"https:\/\/lumart.fr\/fr\/","name":"Lum'art","description":"","potentialAction":[{"@type":"SearchAction","target":{"@type":"EntryPoint","urlTemplate":"https:\/\/lumart.fr\/fr\/?s={search_term_string}"},"query-input":"required name=search_term_string"}],"inLanguage":"en-US"},{"@type":"ImageObject","@id":"https:\/\/lumart.fr\/en\/the-collections\/interior\/wall-lights\/cleo-applique-3431\/#primaryimage","inLanguage":"en-US","url":"\/wp-content\/uploads\/2017\/12\/3431-Applique-Cleo-LB-Lumart-BD-1.jpg","contentUrl":"\/wp-content\/uploads\/2017\/12\/3431-Applique-Cleo-LB-Lumart-BD-1.jpg","width":2551,"height":1701,"caption":"Cl\u00e9o wall light, brushed brass"},{"@type":"WebPage","@id":"https:\/\/lumart.fr\/en\/the-collections\/interior\/wall-lights\/cleo-applique-3431\/#webpage","url":"https:\/\/lumart.fr\/en\/the-collections\/interior\/wall-lights\/cleo-applique-3431\/","name":"Applique Cl\u00e9o (3431) - Lum'art","isPartOf":{"@id":"https:\/\/lumart.fr\/fr\/#website"},"primaryImageOfPage":{"@id":"https:\/\/lumart.fr\/en\/the-collections\/interior\/wall-lights\/cleo-applique-3431\/#primaryimage"},"datePublished":"2017-12-18T14:36:46+00:00","dateModified":"2022-01-11T15:20:25+00:00","description":"Une boule de lumi\u00e8re d\u00e9licatement pos\u00e9e sur sa corole de laiton ou de zinc pour ponctuer votre mur de touches de lumi\u00e8re. Chambre, salle de bain, salon, autour d'un miroir \u00e0 jouer en paire, dans un couloir en r\u00e9p\u00e9tition, Cleo apporte une touche contemporaine \u00e0 votre int\u00e9rieur.","breadcrumb":{"@id":"https:\/\/lumart.fr\/en\/the-collections\/interior\/wall-lights\/cleo-applique-3431\/#breadcrumb"},"inLanguage":"en-US","potentialAction":[{"@type":"ReadAction","target":["https:\/\/lumart.fr\/en\/the-collections\/interior\/wall-lights\/cleo-applique-3431\/"]}]},{"@type":"BreadcrumbList","@id":"https:\/\/lumart.fr\/en\/the-collections\/interior\/wall-lights\/cleo-applique-3431\/#breadcrumb","itemListElement":[{"@type":"ListItem","position":1,"name":"Home","item":"https:\/\/lumart.fr\/en\/"},{"@type":"ListItem","position":2,"name":"The Collections","item":"https:\/\/lumart.fr\/en\/the-collections\/"},{"@type":"ListItem","position":3,"name":"Cl\u00e9o - Wall lantern"}]}]}},"_links":{"self":[{"href":"https:\/\/lumart.fr\/en\/wp-json\/wp\/v2\/product\/11390"}],"collection":[{"href":"https:\/\/lumart.fr\/en\/wp-json\/wp\/v2\/product"}],"about":[{"href":"https:\/\/lumart.fr\/en\/wp-json\/wp\/v2\/types\/product"}],"wp:featuredmedia":[{"embeddable":true,"href":"https:\/\/lumart.fr\/en\/wp-json\/wp\/v2\/media\/3879"}],"wp:attachment":[{"href":"https:\/\/lumart.fr\/en\/wp-json\/wp\/v2\/media?parent=11390"}],"wp:term":[{"taxonomy":"product_cat","embeddable":true,"href":"https:\/\/lumart.fr\/en\/wp-json\/wp\/v2\/product_cat?post=11390"},{"taxonomy":"product_tag","embeddable":true,"href":"https:\/\/lumart.fr\/en\/wp-json\/wp\/v2\/product_tag?post=11390"}],"curies":[{"name":"wp","href":"https:\/\/api.w.org\/{rel}","templated":true}]}}