{"id":11386,"date":"2018-01-09T06:57:44","date_gmt":"2018-01-09T06:57:44","guid":{"rendered":"https:\/\/lumart.fr\/les-collections\/uncategorized\/atic-applique-pm-253\/"},"modified":"2022-06-02T17:22:59","modified_gmt":"2022-06-02T15:22:59","slug":"atic-applique-pm-253","status":"publish","type":"product","link":"https:\/\/lumart.fr\/en\/the-collections\/interior\/wall-lights\/atic-applique-pm-253\/","title":{"rendered":"Atic - Wall lantern S"},"content":{"rendered":"<p>The Atic wall light will illuminate the teeniest of spaces.<br \/>\nAlso available in an outdoor version, with a top.<\/p>\n","protected":false},"excerpt":{"rendered":"<p>The Atic wall light will illuminate the teeniest of spaces.<br \/>\nAlso available in an outdoor version, with a top. <a href=\"https:\/\/lumart.fr\/en\/the-collections\/interior\/wall-lights\/atic-applique-pm-253\/\" class=\"more\">[ &hellip; ]<\/a><\/p>\n","protected":false},"featured_media":10958,"template":"","meta":[],"product_cat":[261],"product_tag":[],"acf":[],"yoast_head":"<!-- This site is optimized with the Yoast SEO plugin v17.8 - https:\/\/yoast.com\/wordpress\/plugins\/seo\/ -->\n<meta name=\"description\" content=\"Luminaire d&#039;int\u00e9rieur ou d&#039;ext\u00e9rieur, l&#039;applique Atic \u00e9clairera vos micro emplacements. Les produits Lum&#039;art sont farbiqu\u00e9s \u00e0 la main en France.\" \/>\n<meta name=\"robots\" content=\"index, follow, max-snippet:-1, max-image-preview:large, max-video-preview:-1\" \/>\n<link rel=\"canonical\" href=\"https:\/\/lumart.fr\/en\/the-collections\/interior\/wall-lights\/atic-applique-pm-253\/\" \/>\n<meta property=\"og:locale\" content=\"en_US\" \/>\n<meta property=\"og:type\" content=\"article\" \/>\n<meta property=\"og:title\" content=\"Applique Atic PM (253) - Lum&#039;art\" \/>\n<meta property=\"og:description\" content=\"Luminaire d&#039;int\u00e9rieur ou d&#039;ext\u00e9rieur, l&#039;applique Atic \u00e9clairera vos micro emplacements. Les produits Lum&#039;art sont farbiqu\u00e9s \u00e0 la main en France.\" \/>\n<meta property=\"og:url\" content=\"https:\/\/lumart.fr\/en\/the-collections\/interior\/wall-lights\/atic-applique-pm-253\/\" \/>\n<meta property=\"og:site_name\" content=\"Lum&#039;Art\" \/>\n<meta property=\"article:publisher\" content=\"https:\/\/www.facebook.com\/LumArt-1543826629180391\/\" \/>\n<meta property=\"article:modified_time\" content=\"2022-06-02T15:22:59+00:00\" \/>\n<meta property=\"og:image\" content=\"https:\/\/lumart.fr\/wp-content\/uploads\/2018\/01\/253-Applique-Atic-LB-Lumart-BD1.jpg\" \/>\n\t<meta property=\"og:image:width\" content=\"1984\" \/>\n\t<meta property=\"og:image:height\" content=\"1323\" \/>\n<meta name=\"twitter:card\" content=\"summary\" \/>\n<script type=\"application\/ld+json\" class=\"yoast-schema-graph\">{\"@context\":\"https:\/\/schema.org\",\"@graph\":[{\"@type\":\"WebSite\",\"@id\":\"https:\/\/lumart.fr\/fr\/#website\",\"url\":\"https:\/\/lumart.fr\/fr\/\",\"name\":\"Lum'art\",\"description\":\"\",\"potentialAction\":[{\"@type\":\"SearchAction\",\"target\":{\"@type\":\"EntryPoint\",\"urlTemplate\":\"https:\/\/lumart.fr\/fr\/?s={search_term_string}\"},\"query-input\":\"required name=search_term_string\"}],\"inLanguage\":\"en-US\"},{\"@type\":\"ImageObject\",\"@id\":\"https:\/\/lumart.fr\/en\/the-collections\/interior\/wall-lights\/atic-applique-pm-253\/#primaryimage\",\"inLanguage\":\"en-US\",\"url\":\"\/wp-content\/uploads\/2018\/01\/253-Applique-Atic-LB-Lumart-BD1.jpg\",\"contentUrl\":\"\/wp-content\/uploads\/2018\/01\/253-Applique-Atic-LB-Lumart-BD1.jpg\",\"width\":1984,\"height\":1323,\"caption\":\"Atic wall light, brushed brass\"},{\"@type\":\"WebPage\",\"@id\":\"https:\/\/lumart.fr\/en\/the-collections\/interior\/wall-lights\/atic-applique-pm-253\/#webpage\",\"url\":\"https:\/\/lumart.fr\/en\/the-collections\/interior\/wall-lights\/atic-applique-pm-253\/\",\"name\":\"Applique Atic PM (253) - Lum'art\",\"isPartOf\":{\"@id\":\"https:\/\/lumart.fr\/fr\/#website\"},\"primaryImageOfPage\":{\"@id\":\"https:\/\/lumart.fr\/en\/the-collections\/interior\/wall-lights\/atic-applique-pm-253\/#primaryimage\"},\"datePublished\":\"2018-01-09T06:57:44+00:00\",\"dateModified\":\"2022-06-02T15:22:59+00:00\",\"description\":\"Luminaire d'int\\u00e9rieur ou d'ext\\u00e9rieur, l'applique Atic \\u00e9clairera vos micro emplacements. Les produits Lum'art sont farbiqu\\u00e9s \\u00e0 la main en France.\",\"breadcrumb\":{\"@id\":\"https:\/\/lumart.fr\/en\/the-collections\/interior\/wall-lights\/atic-applique-pm-253\/#breadcrumb\"},\"inLanguage\":\"en-US\",\"potentialAction\":[{\"@type\":\"ReadAction\",\"target\":[\"https:\/\/lumart.fr\/en\/the-collections\/interior\/wall-lights\/atic-applique-pm-253\/\"]}]},{\"@type\":\"BreadcrumbList\",\"@id\":\"https:\/\/lumart.fr\/en\/the-collections\/interior\/wall-lights\/atic-applique-pm-253\/#breadcrumb\",\"itemListElement\":[{\"@type\":\"ListItem\",\"position\":1,\"name\":\"Home\",\"item\":\"https:\/\/lumart.fr\/en\/\"},{\"@type\":\"ListItem\",\"position\":2,\"name\":\"The Collections\",\"item\":\"https:\/\/lumart.fr\/en\/the-collections\/\"},{\"@type\":\"ListItem\",\"position\":3,\"name\":\"Atic - Wall lantern S\"}]}]}<\/script>\n<!-- \/ Yoast SEO plugin. -->","yoast_head_json":{"description":"Luminaire d'int\u00e9rieur ou d'ext\u00e9rieur, l'applique Atic \u00e9clairera vos micro emplacements. Les produits Lum'art sont farbiqu\u00e9s \u00e0 la main en France.","robots":{"index":"index","follow":"follow","max-snippet":"max-snippet:-1","max-image-preview":"max-image-preview:large","max-video-preview":"max-video-preview:-1"},"canonical":"https:\/\/lumart.fr\/en\/the-collections\/interior\/wall-lights\/atic-applique-pm-253\/","og_locale":"en_US","og_type":"article","og_title":"Applique Atic PM (253) - Lum'art","og_description":"Luminaire d'int\u00e9rieur ou d'ext\u00e9rieur, l'applique Atic \u00e9clairera vos micro emplacements. Les produits Lum'art sont farbiqu\u00e9s \u00e0 la main en France.","og_url":"https:\/\/lumart.fr\/en\/the-collections\/interior\/wall-lights\/atic-applique-pm-253\/","og_site_name":"Lum&#039;Art","article_publisher":"https:\/\/www.facebook.com\/LumArt-1543826629180391\/","article_modified_time":"2022-06-02T15:22:59+00:00","og_image":[{"width":1984,"height":1323,"url":"https:\/\/lumart.fr\/wp-content\/uploads\/2018\/01\/253-Applique-Atic-LB-Lumart-BD1.jpg","type":"image\/jpeg"}],"twitter_card":"summary","schema":{"@context":"https:\/\/schema.org","@graph":[{"@type":"WebSite","@id":"https:\/\/lumart.fr\/fr\/#website","url":"https:\/\/lumart.fr\/fr\/","name":"Lum'art","description":"","potentialAction":[{"@type":"SearchAction","target":{"@type":"EntryPoint","urlTemplate":"https:\/\/lumart.fr\/fr\/?s={search_term_string}"},"query-input":"required name=search_term_string"}],"inLanguage":"en-US"},{"@type":"ImageObject","@id":"https:\/\/lumart.fr\/en\/the-collections\/interior\/wall-lights\/atic-applique-pm-253\/#primaryimage","inLanguage":"en-US","url":"\/wp-content\/uploads\/2018\/01\/253-Applique-Atic-LB-Lumart-BD1.jpg","contentUrl":"\/wp-content\/uploads\/2018\/01\/253-Applique-Atic-LB-Lumart-BD1.jpg","width":1984,"height":1323,"caption":"Atic wall light, brushed brass"},{"@type":"WebPage","@id":"https:\/\/lumart.fr\/en\/the-collections\/interior\/wall-lights\/atic-applique-pm-253\/#webpage","url":"https:\/\/lumart.fr\/en\/the-collections\/interior\/wall-lights\/atic-applique-pm-253\/","name":"Applique Atic PM (253) - Lum'art","isPartOf":{"@id":"https:\/\/lumart.fr\/fr\/#website"},"primaryImageOfPage":{"@id":"https:\/\/lumart.fr\/en\/the-collections\/interior\/wall-lights\/atic-applique-pm-253\/#primaryimage"},"datePublished":"2018-01-09T06:57:44+00:00","dateModified":"2022-06-02T15:22:59+00:00","description":"Luminaire d'int\u00e9rieur ou d'ext\u00e9rieur, l'applique Atic \u00e9clairera vos micro emplacements. Les produits Lum'art sont farbiqu\u00e9s \u00e0 la main en France.","breadcrumb":{"@id":"https:\/\/lumart.fr\/en\/the-collections\/interior\/wall-lights\/atic-applique-pm-253\/#breadcrumb"},"inLanguage":"en-US","potentialAction":[{"@type":"ReadAction","target":["https:\/\/lumart.fr\/en\/the-collections\/interior\/wall-lights\/atic-applique-pm-253\/"]}]},{"@type":"BreadcrumbList","@id":"https:\/\/lumart.fr\/en\/the-collections\/interior\/wall-lights\/atic-applique-pm-253\/#breadcrumb","itemListElement":[{"@type":"ListItem","position":1,"name":"Home","item":"https:\/\/lumart.fr\/en\/"},{"@type":"ListItem","position":2,"name":"The Collections","item":"https:\/\/lumart.fr\/en\/the-collections\/"},{"@type":"ListItem","position":3,"name":"Atic - Wall lantern S"}]}]}},"_links":{"self":[{"href":"https:\/\/lumart.fr\/en\/wp-json\/wp\/v2\/product\/11386"}],"collection":[{"href":"https:\/\/lumart.fr\/en\/wp-json\/wp\/v2\/product"}],"about":[{"href":"https:\/\/lumart.fr\/en\/wp-json\/wp\/v2\/types\/product"}],"wp:featuredmedia":[{"embeddable":true,"href":"https:\/\/lumart.fr\/en\/wp-json\/wp\/v2\/media\/10958"}],"wp:attachment":[{"href":"https:\/\/lumart.fr\/en\/wp-json\/wp\/v2\/media?parent=11386"}],"wp:term":[{"taxonomy":"product_cat","embeddable":true,"href":"https:\/\/lumart.fr\/en\/wp-json\/wp\/v2\/product_cat?post=11386"},{"taxonomy":"product_tag","embeddable":true,"href":"https:\/\/lumart.fr\/en\/wp-json\/wp\/v2\/product_tag?post=11386"}],"curies":[{"name":"wp","href":"https:\/\/api.w.org\/{rel}","templated":true}]}}