{"id":11376,"date":"2017-12-18T14:36:43","date_gmt":"2017-12-18T14:36:43","guid":{"rendered":"https:\/\/lumart.fr\/les-collections\/uncategorized\/whisper-lampe-gm-7141\/"},"modified":"2022-01-11T16:33:39","modified_gmt":"2022-01-11T15:33:39","slug":"whisper-lampe-gm-7141","status":"publish","type":"product","link":"https:\/\/lumart.fr\/en\/the-collections\/interior\/table-lamps\/whisper-lampe-gm-7141\/","title":{"rendered":"Whisper - Table lamp L"},"content":{"rendered":"<p>Airiness and warmth are the hallmarks of this collection of table lamps. A delicate dance takes place between circle and the cylinder, between solid brass and micro-perforated brass in the Whisper Collection, which charms with its simple lines and the magical, soft glow it casts.<\/p>\n","protected":false},"excerpt":{"rendered":"<p>Airiness and warmth are the hallmarks of this collection of table lamps. A delicate dance takes place between circle and the cylinder, between solid brass and micro-perforated brass in the Whisper Collection, which charms with its simple lines and the magical, soft glow it casts.<\/p>\n","protected":false},"featured_media":4882,"template":"","meta":[],"product_cat":[265],"product_tag":[],"acf":[],"yoast_head":"<!-- This site is optimized with the Yoast SEO plugin v17.8 - https:\/\/yoast.com\/wordpress\/plugins\/seo\/ -->\n<meta name=\"description\" content=\"Respiration et chaleur pour cette collection de lampes \u00e0 poser. Subtile alchimie entre le cercle et le cylindre, le laiton plein et le laiton micro perfor\u00e9, Whisper s\u00e9duit par la sobri\u00e9t\u00e9 de ses lignes et la magie de la lumi\u00e8re, comme tamis\u00e9e, qu&#039;elle distille.\" \/>\n<meta name=\"robots\" content=\"index, follow, max-snippet:-1, max-image-preview:large, max-video-preview:-1\" \/>\n<link rel=\"canonical\" href=\"https:\/\/lumart.fr\/en\/the-collections\/interior\/table-lamps\/whisper-lampe-gm-7141\/\" \/>\n<meta property=\"og:locale\" content=\"en_US\" \/>\n<meta property=\"og:type\" content=\"article\" \/>\n<meta property=\"og:title\" content=\"Lampe Whisper GM (7141) - Lum&#039;art\" \/>\n<meta property=\"og:description\" content=\"Respiration et chaleur pour cette collection de lampes \u00e0 poser. Subtile alchimie entre le cercle et le cylindre, le laiton plein et le laiton micro perfor\u00e9, Whisper s\u00e9duit par la sobri\u00e9t\u00e9 de ses lignes et la magie de la lumi\u00e8re, comme tamis\u00e9e, qu&#039;elle distille.\" \/>\n<meta property=\"og:url\" content=\"https:\/\/lumart.fr\/en\/the-collections\/interior\/table-lamps\/whisper-lampe-gm-7141\/\" \/>\n<meta property=\"og:site_name\" content=\"Lum&#039;Art\" \/>\n<meta property=\"article:publisher\" content=\"https:\/\/www.facebook.com\/LumArt-1543826629180391\/\" \/>\n<meta property=\"article:modified_time\" content=\"2022-01-11T15:33:39+00:00\" \/>\n<meta property=\"og:image\" content=\"https:\/\/lumart.fr\/wp-content\/uploads\/2017\/12\/7141-Lampe-Whisper-GM-LB-Lumart-BD-2.jpg\" \/>\n\t<meta property=\"og:image:width\" content=\"2551\" \/>\n\t<meta property=\"og:image:height\" content=\"1701\" \/>\n<meta name=\"twitter:card\" content=\"summary\" \/>\n<script type=\"application\/ld+json\" class=\"yoast-schema-graph\">{\"@context\":\"https:\/\/schema.org\",\"@graph\":[{\"@type\":\"WebSite\",\"@id\":\"https:\/\/lumart.fr\/fr\/#website\",\"url\":\"https:\/\/lumart.fr\/fr\/\",\"name\":\"Lum'art\",\"description\":\"\",\"potentialAction\":[{\"@type\":\"SearchAction\",\"target\":{\"@type\":\"EntryPoint\",\"urlTemplate\":\"https:\/\/lumart.fr\/fr\/?s={search_term_string}\"},\"query-input\":\"required name=search_term_string\"}],\"inLanguage\":\"en-US\"},{\"@type\":\"ImageObject\",\"@id\":\"https:\/\/lumart.fr\/en\/the-collections\/interior\/table-lamps\/whisper-lampe-gm-7141\/#primaryimage\",\"inLanguage\":\"en-US\",\"url\":\"\/wp-content\/uploads\/2017\/12\/7141-Lampe-Whisper-GM-LB-Lumart-BD-2.jpg\",\"contentUrl\":\"\/wp-content\/uploads\/2017\/12\/7141-Lampe-Whisper-GM-LB-Lumart-BD-2.jpg\",\"width\":2551,\"height\":1701,\"caption\":\"Whisper table lamp, L size, brushed brass\"},{\"@type\":\"WebPage\",\"@id\":\"https:\/\/lumart.fr\/en\/the-collections\/interior\/table-lamps\/whisper-lampe-gm-7141\/#webpage\",\"url\":\"https:\/\/lumart.fr\/en\/the-collections\/interior\/table-lamps\/whisper-lampe-gm-7141\/\",\"name\":\"Lampe Whisper GM (7141) - Lum'art\",\"isPartOf\":{\"@id\":\"https:\/\/lumart.fr\/fr\/#website\"},\"primaryImageOfPage\":{\"@id\":\"https:\/\/lumart.fr\/en\/the-collections\/interior\/table-lamps\/whisper-lampe-gm-7141\/#primaryimage\"},\"datePublished\":\"2017-12-18T14:36:43+00:00\",\"dateModified\":\"2022-01-11T15:33:39+00:00\",\"description\":\"Respiration et chaleur pour cette collection de lampes \\u00e0 poser. Subtile alchimie entre le cercle et le cylindre, le laiton plein et le laiton micro perfor\\u00e9, Whisper s\\u00e9duit par la sobri\\u00e9t\\u00e9 de ses lignes et la magie de la lumi\\u00e8re, comme tamis\\u00e9e, qu'elle distille.\",\"breadcrumb\":{\"@id\":\"https:\/\/lumart.fr\/en\/the-collections\/interior\/table-lamps\/whisper-lampe-gm-7141\/#breadcrumb\"},\"inLanguage\":\"en-US\",\"potentialAction\":[{\"@type\":\"ReadAction\",\"target\":[\"https:\/\/lumart.fr\/en\/the-collections\/interior\/table-lamps\/whisper-lampe-gm-7141\/\"]}]},{\"@type\":\"BreadcrumbList\",\"@id\":\"https:\/\/lumart.fr\/en\/the-collections\/interior\/table-lamps\/whisper-lampe-gm-7141\/#breadcrumb\",\"itemListElement\":[{\"@type\":\"ListItem\",\"position\":1,\"name\":\"Home\",\"item\":\"https:\/\/lumart.fr\/en\/\"},{\"@type\":\"ListItem\",\"position\":2,\"name\":\"The Collections\",\"item\":\"https:\/\/lumart.fr\/en\/the-collections\/\"},{\"@type\":\"ListItem\",\"position\":3,\"name\":\"Whisper - Table lamp L\"}]}]}<\/script>\n<!-- \/ Yoast SEO plugin. -->","yoast_head_json":{"description":"Respiration et chaleur pour cette collection de lampes \u00e0 poser. Subtile alchimie entre le cercle et le cylindre, le laiton plein et le laiton micro perfor\u00e9, Whisper s\u00e9duit par la sobri\u00e9t\u00e9 de ses lignes et la magie de la lumi\u00e8re, comme tamis\u00e9e, qu'elle distille.","robots":{"index":"index","follow":"follow","max-snippet":"max-snippet:-1","max-image-preview":"max-image-preview:large","max-video-preview":"max-video-preview:-1"},"canonical":"https:\/\/lumart.fr\/en\/the-collections\/interior\/table-lamps\/whisper-lampe-gm-7141\/","og_locale":"en_US","og_type":"article","og_title":"Lampe Whisper GM (7141) - Lum'art","og_description":"Respiration et chaleur pour cette collection de lampes \u00e0 poser. Subtile alchimie entre le cercle et le cylindre, le laiton plein et le laiton micro perfor\u00e9, Whisper s\u00e9duit par la sobri\u00e9t\u00e9 de ses lignes et la magie de la lumi\u00e8re, comme tamis\u00e9e, qu'elle distille.","og_url":"https:\/\/lumart.fr\/en\/the-collections\/interior\/table-lamps\/whisper-lampe-gm-7141\/","og_site_name":"Lum&#039;Art","article_publisher":"https:\/\/www.facebook.com\/LumArt-1543826629180391\/","article_modified_time":"2022-01-11T15:33:39+00:00","og_image":[{"width":2551,"height":1701,"url":"https:\/\/lumart.fr\/wp-content\/uploads\/2017\/12\/7141-Lampe-Whisper-GM-LB-Lumart-BD-2.jpg","type":"image\/jpeg"}],"twitter_card":"summary","schema":{"@context":"https:\/\/schema.org","@graph":[{"@type":"WebSite","@id":"https:\/\/lumart.fr\/fr\/#website","url":"https:\/\/lumart.fr\/fr\/","name":"Lum'art","description":"","potentialAction":[{"@type":"SearchAction","target":{"@type":"EntryPoint","urlTemplate":"https:\/\/lumart.fr\/fr\/?s={search_term_string}"},"query-input":"required name=search_term_string"}],"inLanguage":"en-US"},{"@type":"ImageObject","@id":"https:\/\/lumart.fr\/en\/the-collections\/interior\/table-lamps\/whisper-lampe-gm-7141\/#primaryimage","inLanguage":"en-US","url":"\/wp-content\/uploads\/2017\/12\/7141-Lampe-Whisper-GM-LB-Lumart-BD-2.jpg","contentUrl":"\/wp-content\/uploads\/2017\/12\/7141-Lampe-Whisper-GM-LB-Lumart-BD-2.jpg","width":2551,"height":1701,"caption":"Whisper table lamp, L size, brushed brass"},{"@type":"WebPage","@id":"https:\/\/lumart.fr\/en\/the-collections\/interior\/table-lamps\/whisper-lampe-gm-7141\/#webpage","url":"https:\/\/lumart.fr\/en\/the-collections\/interior\/table-lamps\/whisper-lampe-gm-7141\/","name":"Lampe Whisper GM (7141) - Lum'art","isPartOf":{"@id":"https:\/\/lumart.fr\/fr\/#website"},"primaryImageOfPage":{"@id":"https:\/\/lumart.fr\/en\/the-collections\/interior\/table-lamps\/whisper-lampe-gm-7141\/#primaryimage"},"datePublished":"2017-12-18T14:36:43+00:00","dateModified":"2022-01-11T15:33:39+00:00","description":"Respiration et chaleur pour cette collection de lampes \u00e0 poser. Subtile alchimie entre le cercle et le cylindre, le laiton plein et le laiton micro perfor\u00e9, Whisper s\u00e9duit par la sobri\u00e9t\u00e9 de ses lignes et la magie de la lumi\u00e8re, comme tamis\u00e9e, qu'elle distille.","breadcrumb":{"@id":"https:\/\/lumart.fr\/en\/the-collections\/interior\/table-lamps\/whisper-lampe-gm-7141\/#breadcrumb"},"inLanguage":"en-US","potentialAction":[{"@type":"ReadAction","target":["https:\/\/lumart.fr\/en\/the-collections\/interior\/table-lamps\/whisper-lampe-gm-7141\/"]}]},{"@type":"BreadcrumbList","@id":"https:\/\/lumart.fr\/en\/the-collections\/interior\/table-lamps\/whisper-lampe-gm-7141\/#breadcrumb","itemListElement":[{"@type":"ListItem","position":1,"name":"Home","item":"https:\/\/lumart.fr\/en\/"},{"@type":"ListItem","position":2,"name":"The Collections","item":"https:\/\/lumart.fr\/en\/the-collections\/"},{"@type":"ListItem","position":3,"name":"Whisper - Table lamp L"}]}]}},"_links":{"self":[{"href":"https:\/\/lumart.fr\/en\/wp-json\/wp\/v2\/product\/11376"}],"collection":[{"href":"https:\/\/lumart.fr\/en\/wp-json\/wp\/v2\/product"}],"about":[{"href":"https:\/\/lumart.fr\/en\/wp-json\/wp\/v2\/types\/product"}],"wp:featuredmedia":[{"embeddable":true,"href":"https:\/\/lumart.fr\/en\/wp-json\/wp\/v2\/media\/4882"}],"wp:attachment":[{"href":"https:\/\/lumart.fr\/en\/wp-json\/wp\/v2\/media?parent=11376"}],"wp:term":[{"taxonomy":"product_cat","embeddable":true,"href":"https:\/\/lumart.fr\/en\/wp-json\/wp\/v2\/product_cat?post=11376"},{"taxonomy":"product_tag","embeddable":true,"href":"https:\/\/lumart.fr\/en\/wp-json\/wp\/v2\/product_tag?post=11376"}],"curies":[{"name":"wp","href":"https:\/\/api.w.org\/{rel}","templated":true}]}}