{"id":11362,"date":"2017-12-18T14:36:34","date_gmt":"2017-12-18T14:36:34","guid":{"rendered":"https:\/\/lumart.fr\/les-collections\/uncategorized\/vincennes-lustre-5152-4\/"},"modified":"2022-01-12T12:01:53","modified_gmt":"2022-01-12T11:01:53","slug":"vincennes-lustre-5152-4","status":"publish","type":"product","link":"https:\/\/lumart.fr\/en\/the-collections\/interior\/chandeliers\/vincennes-lustre-5152-4\/","title":{"rendered":"Vincennes - Chandelier"},"content":{"rendered":"<p>The Vincennes Collection evokes refinement and contrast. Candles crowned with micro-perforated brass shades in a delicate brass structure. Without any glass to avoid reflections, this is a pure design collection that includes a chandelier, wall light and table lamp. Perfect for spicing up an interior d\u00e9cor.<\/p>\n","protected":false},"excerpt":{"rendered":"<p>The Vincennes Collection evokes refinement and contrast. Candles crowned with micro-perforated brass shades in a delicate brass structure. Without any glass to avoid reflections, this is a pure design collection that includes a chandelier, wall light and table lamp. Perfect for spicing up an interior d\u00e9cor.<\/p>\n","protected":false},"featured_media":4216,"template":"","meta":[],"product_cat":[267],"product_tag":[],"acf":[],"yoast_head":"<!-- This site is optimized with the Yoast SEO plugin v17.8 - https:\/\/yoast.com\/wordpress\/plugins\/seo\/ -->\n<meta name=\"description\" content=\"La collection Vincennes joue l&#039;\u00e9pure et le contraste. Bougies couronn\u00e9es d&#039;abat-jours en laiton micro perfor\u00e9 dans une fine structure design de laiton. Pas de verre qui vient cr\u00e9er des reflets mais un pur objet de design d\u00e9clin\u00e9 en lustre, applique et lampe. A s\u00e9lectionner aussi pour pimenter un int\u00e9rieur classique.\" \/>\n<meta name=\"robots\" content=\"index, follow, max-snippet:-1, max-image-preview:large, max-video-preview:-1\" \/>\n<link rel=\"canonical\" href=\"https:\/\/lumart.fr\/en\/the-collections\/interior\/chandeliers\/vincennes-lustre-5152-4\/\" \/>\n<meta property=\"og:locale\" content=\"en_US\" \/>\n<meta property=\"og:type\" content=\"article\" \/>\n<meta property=\"og:title\" content=\"Lustre Vincennes (5152\/4) - Lum&#039;art\" \/>\n<meta property=\"og:description\" content=\"La collection Vincennes joue l&#039;\u00e9pure et le contraste. Bougies couronn\u00e9es d&#039;abat-jours en laiton micro perfor\u00e9 dans une fine structure design de laiton. Pas de verre qui vient cr\u00e9er des reflets mais un pur objet de design d\u00e9clin\u00e9 en lustre, applique et lampe. A s\u00e9lectionner aussi pour pimenter un int\u00e9rieur classique.\" \/>\n<meta property=\"og:url\" content=\"https:\/\/lumart.fr\/en\/the-collections\/interior\/chandeliers\/vincennes-lustre-5152-4\/\" \/>\n<meta property=\"og:site_name\" content=\"Lum&#039;Art\" \/>\n<meta property=\"article:publisher\" content=\"https:\/\/www.facebook.com\/LumArt-1543826629180391\/\" \/>\n<meta property=\"article:modified_time\" content=\"2022-01-12T11:01:53+00:00\" \/>\n<meta property=\"og:image\" content=\"https:\/\/lumart.fr\/wp-content\/uploads\/2017\/12\/5152-4-Lustre-Vincennes-LPA-Lumart-BD-3.jpg\" \/>\n\t<meta property=\"og:image:width\" content=\"2551\" \/>\n\t<meta property=\"og:image:height\" content=\"1701\" \/>\n<meta name=\"twitter:card\" content=\"summary\" \/>\n<script type=\"application\/ld+json\" class=\"yoast-schema-graph\">{\"@context\":\"https:\/\/schema.org\",\"@graph\":[{\"@type\":\"WebSite\",\"@id\":\"https:\/\/lumart.fr\/fr\/#website\",\"url\":\"https:\/\/lumart.fr\/fr\/\",\"name\":\"Lum'art\",\"description\":\"\",\"potentialAction\":[{\"@type\":\"SearchAction\",\"target\":{\"@type\":\"EntryPoint\",\"urlTemplate\":\"https:\/\/lumart.fr\/fr\/?s={search_term_string}\"},\"query-input\":\"required name=search_term_string\"}],\"inLanguage\":\"en-US\"},{\"@type\":\"ImageObject\",\"@id\":\"https:\/\/lumart.fr\/en\/the-collections\/interior\/chandeliers\/vincennes-lustre-5152-4\/#primaryimage\",\"inLanguage\":\"en-US\",\"url\":\"\/wp-content\/uploads\/2017\/12\/5152-4-Lustre-Vincennes-LPA-Lumart-BD-3.jpg\",\"contentUrl\":\"\/wp-content\/uploads\/2017\/12\/5152-4-Lustre-Vincennes-LPA-Lumart-BD-3.jpg\",\"width\":2551,\"height\":1701,\"caption\":\"Vincennes chandelier, acid patinated brass\"},{\"@type\":\"WebPage\",\"@id\":\"https:\/\/lumart.fr\/en\/the-collections\/interior\/chandeliers\/vincennes-lustre-5152-4\/#webpage\",\"url\":\"https:\/\/lumart.fr\/en\/the-collections\/interior\/chandeliers\/vincennes-lustre-5152-4\/\",\"name\":\"Lustre Vincennes (5152\/4) - Lum'art\",\"isPartOf\":{\"@id\":\"https:\/\/lumart.fr\/fr\/#website\"},\"primaryImageOfPage\":{\"@id\":\"https:\/\/lumart.fr\/en\/the-collections\/interior\/chandeliers\/vincennes-lustre-5152-4\/#primaryimage\"},\"datePublished\":\"2017-12-18T14:36:34+00:00\",\"dateModified\":\"2022-01-12T11:01:53+00:00\",\"description\":\"La collection Vincennes joue l'\\u00e9pure et le contraste. Bougies couronn\\u00e9es d'abat-jours en laiton micro perfor\\u00e9 dans une fine structure design de laiton. Pas de verre qui vient cr\\u00e9er des reflets mais un pur objet de design d\\u00e9clin\\u00e9 en lustre, applique et lampe. A s\\u00e9lectionner aussi pour pimenter un int\\u00e9rieur classique.\",\"breadcrumb\":{\"@id\":\"https:\/\/lumart.fr\/en\/the-collections\/interior\/chandeliers\/vincennes-lustre-5152-4\/#breadcrumb\"},\"inLanguage\":\"en-US\",\"potentialAction\":[{\"@type\":\"ReadAction\",\"target\":[\"https:\/\/lumart.fr\/en\/the-collections\/interior\/chandeliers\/vincennes-lustre-5152-4\/\"]}]},{\"@type\":\"BreadcrumbList\",\"@id\":\"https:\/\/lumart.fr\/en\/the-collections\/interior\/chandeliers\/vincennes-lustre-5152-4\/#breadcrumb\",\"itemListElement\":[{\"@type\":\"ListItem\",\"position\":1,\"name\":\"Home\",\"item\":\"https:\/\/lumart.fr\/en\/\"},{\"@type\":\"ListItem\",\"position\":2,\"name\":\"The Collections\",\"item\":\"https:\/\/lumart.fr\/en\/the-collections\/\"},{\"@type\":\"ListItem\",\"position\":3,\"name\":\"Vincennes - Chandelier\"}]}]}<\/script>\n<!-- \/ Yoast SEO plugin. -->","yoast_head_json":{"description":"La collection Vincennes joue l'\u00e9pure et le contraste. Bougies couronn\u00e9es d'abat-jours en laiton micro perfor\u00e9 dans une fine structure design de laiton. Pas de verre qui vient cr\u00e9er des reflets mais un pur objet de design d\u00e9clin\u00e9 en lustre, applique et lampe. A s\u00e9lectionner aussi pour pimenter un int\u00e9rieur classique.","robots":{"index":"index","follow":"follow","max-snippet":"max-snippet:-1","max-image-preview":"max-image-preview:large","max-video-preview":"max-video-preview:-1"},"canonical":"https:\/\/lumart.fr\/en\/the-collections\/interior\/chandeliers\/vincennes-lustre-5152-4\/","og_locale":"en_US","og_type":"article","og_title":"Lustre Vincennes (5152\/4) - Lum'art","og_description":"La collection Vincennes joue l'\u00e9pure et le contraste. Bougies couronn\u00e9es d'abat-jours en laiton micro perfor\u00e9 dans une fine structure design de laiton. Pas de verre qui vient cr\u00e9er des reflets mais un pur objet de design d\u00e9clin\u00e9 en lustre, applique et lampe. A s\u00e9lectionner aussi pour pimenter un int\u00e9rieur classique.","og_url":"https:\/\/lumart.fr\/en\/the-collections\/interior\/chandeliers\/vincennes-lustre-5152-4\/","og_site_name":"Lum&#039;Art","article_publisher":"https:\/\/www.facebook.com\/LumArt-1543826629180391\/","article_modified_time":"2022-01-12T11:01:53+00:00","og_image":[{"width":2551,"height":1701,"url":"https:\/\/lumart.fr\/wp-content\/uploads\/2017\/12\/5152-4-Lustre-Vincennes-LPA-Lumart-BD-3.jpg","type":"image\/jpeg"}],"twitter_card":"summary","schema":{"@context":"https:\/\/schema.org","@graph":[{"@type":"WebSite","@id":"https:\/\/lumart.fr\/fr\/#website","url":"https:\/\/lumart.fr\/fr\/","name":"Lum'art","description":"","potentialAction":[{"@type":"SearchAction","target":{"@type":"EntryPoint","urlTemplate":"https:\/\/lumart.fr\/fr\/?s={search_term_string}"},"query-input":"required name=search_term_string"}],"inLanguage":"en-US"},{"@type":"ImageObject","@id":"https:\/\/lumart.fr\/en\/the-collections\/interior\/chandeliers\/vincennes-lustre-5152-4\/#primaryimage","inLanguage":"en-US","url":"\/wp-content\/uploads\/2017\/12\/5152-4-Lustre-Vincennes-LPA-Lumart-BD-3.jpg","contentUrl":"\/wp-content\/uploads\/2017\/12\/5152-4-Lustre-Vincennes-LPA-Lumart-BD-3.jpg","width":2551,"height":1701,"caption":"Vincennes chandelier, acid patinated brass"},{"@type":"WebPage","@id":"https:\/\/lumart.fr\/en\/the-collections\/interior\/chandeliers\/vincennes-lustre-5152-4\/#webpage","url":"https:\/\/lumart.fr\/en\/the-collections\/interior\/chandeliers\/vincennes-lustre-5152-4\/","name":"Lustre Vincennes (5152\/4) - Lum'art","isPartOf":{"@id":"https:\/\/lumart.fr\/fr\/#website"},"primaryImageOfPage":{"@id":"https:\/\/lumart.fr\/en\/the-collections\/interior\/chandeliers\/vincennes-lustre-5152-4\/#primaryimage"},"datePublished":"2017-12-18T14:36:34+00:00","dateModified":"2022-01-12T11:01:53+00:00","description":"La collection Vincennes joue l'\u00e9pure et le contraste. Bougies couronn\u00e9es d'abat-jours en laiton micro perfor\u00e9 dans une fine structure design de laiton. Pas de verre qui vient cr\u00e9er des reflets mais un pur objet de design d\u00e9clin\u00e9 en lustre, applique et lampe. A s\u00e9lectionner aussi pour pimenter un int\u00e9rieur classique.","breadcrumb":{"@id":"https:\/\/lumart.fr\/en\/the-collections\/interior\/chandeliers\/vincennes-lustre-5152-4\/#breadcrumb"},"inLanguage":"en-US","potentialAction":[{"@type":"ReadAction","target":["https:\/\/lumart.fr\/en\/the-collections\/interior\/chandeliers\/vincennes-lustre-5152-4\/"]}]},{"@type":"BreadcrumbList","@id":"https:\/\/lumart.fr\/en\/the-collections\/interior\/chandeliers\/vincennes-lustre-5152-4\/#breadcrumb","itemListElement":[{"@type":"ListItem","position":1,"name":"Home","item":"https:\/\/lumart.fr\/en\/"},{"@type":"ListItem","position":2,"name":"The Collections","item":"https:\/\/lumart.fr\/en\/the-collections\/"},{"@type":"ListItem","position":3,"name":"Vincennes - Chandelier"}]}]}},"_links":{"self":[{"href":"https:\/\/lumart.fr\/en\/wp-json\/wp\/v2\/product\/11362"}],"collection":[{"href":"https:\/\/lumart.fr\/en\/wp-json\/wp\/v2\/product"}],"about":[{"href":"https:\/\/lumart.fr\/en\/wp-json\/wp\/v2\/types\/product"}],"wp:featuredmedia":[{"embeddable":true,"href":"https:\/\/lumart.fr\/en\/wp-json\/wp\/v2\/media\/4216"}],"wp:attachment":[{"href":"https:\/\/lumart.fr\/en\/wp-json\/wp\/v2\/media?parent=11362"}],"wp:term":[{"taxonomy":"product_cat","embeddable":true,"href":"https:\/\/lumart.fr\/en\/wp-json\/wp\/v2\/product_cat?post=11362"},{"taxonomy":"product_tag","embeddable":true,"href":"https:\/\/lumart.fr\/en\/wp-json\/wp\/v2\/product_tag?post=11362"}],"curies":[{"name":"wp","href":"https:\/\/api.w.org\/{rel}","templated":true}]}}