{"id":11358,"date":"2017-12-18T14:36:25","date_gmt":"2017-12-18T14:36:25","guid":{"rendered":"https:\/\/lumart.fr\/les-collections\/uncategorized\/vache-applique-3455-2\/"},"modified":"2022-01-11T17:19:17","modified_gmt":"2022-01-11T16:19:17","slug":"vache-applique-3455-2","status":"publish","type":"product","link":"https:\/\/lumart.fr\/en\/the-collections\/interior\/wall-lights\/vache-applique-3455-2\/","title":{"rendered":"Vache - Wall lantern"},"content":{"rendered":"<p>The Vache Collection screams country! As a wall light or chandelier, it will add a humorous touch to a child&#8217;s room for example. In the brushed brass finish it adds pep or a modern touch.<\/p>\n","protected":false},"excerpt":{"rendered":"<p>The Vache Collection screams country! As a wall light or chandelier, it will add a humorous touch to a child&#8217;s room for example. In the brushed brass finish it adds pep or a modern touch.<\/p>\n","protected":false},"featured_media":4030,"template":"","meta":[],"product_cat":[261],"product_tag":[],"acf":[],"yoast_head":"<!-- This site is optimized with the Yoast SEO plugin v17.8 - https:\/\/yoast.com\/wordpress\/plugins\/seo\/ -->\n<meta name=\"description\" content=\"La collection Vache est sign\u00e9e campagne ! Version lustre ou applique, elle viendra apporter une touche d&#039;humour \u00e0 la d\u00e9coration d&#039;une chambre d&#039;enfant par exemple. Choisir une finition laiton bross\u00e9 pourra lui donner un coup de peps presque contemporain !\" \/>\n<meta name=\"robots\" content=\"index, follow, max-snippet:-1, max-image-preview:large, max-video-preview:-1\" \/>\n<link rel=\"canonical\" href=\"https:\/\/lumart.fr\/en\/the-collections\/interior\/wall-lights\/vache-applique-3455-2\/\" \/>\n<meta property=\"og:locale\" content=\"en_US\" \/>\n<meta property=\"og:type\" content=\"article\" \/>\n<meta property=\"og:title\" content=\"Applique Vache (3455\/2) - Lum&#039;art\" \/>\n<meta property=\"og:description\" content=\"La collection Vache est sign\u00e9e campagne ! Version lustre ou applique, elle viendra apporter une touche d&#039;humour \u00e0 la d\u00e9coration d&#039;une chambre d&#039;enfant par exemple. Choisir une finition laiton bross\u00e9 pourra lui donner un coup de peps presque contemporain !\" \/>\n<meta property=\"og:url\" content=\"https:\/\/lumart.fr\/en\/the-collections\/interior\/wall-lights\/vache-applique-3455-2\/\" \/>\n<meta property=\"og:site_name\" content=\"Lum&#039;Art\" \/>\n<meta property=\"article:publisher\" content=\"https:\/\/www.facebook.com\/LumArt-1543826629180391\/\" \/>\n<meta property=\"article:modified_time\" content=\"2022-01-11T16:19:17+00:00\" \/>\n<meta property=\"og:image\" content=\"https:\/\/lumart.fr\/wp-content\/uploads\/2017\/12\/3455-2-Applique-Vache-VL-Lumart-BD-2.jpg\" \/>\n\t<meta property=\"og:image:width\" content=\"2551\" \/>\n\t<meta property=\"og:image:height\" content=\"1701\" \/>\n<meta name=\"twitter:card\" content=\"summary\" \/>\n<script type=\"application\/ld+json\" class=\"yoast-schema-graph\">{\"@context\":\"https:\/\/schema.org\",\"@graph\":[{\"@type\":\"WebSite\",\"@id\":\"https:\/\/lumart.fr\/fr\/#website\",\"url\":\"https:\/\/lumart.fr\/fr\/\",\"name\":\"Lum'art\",\"description\":\"\",\"potentialAction\":[{\"@type\":\"SearchAction\",\"target\":{\"@type\":\"EntryPoint\",\"urlTemplate\":\"https:\/\/lumart.fr\/fr\/?s={search_term_string}\"},\"query-input\":\"required name=search_term_string\"}],\"inLanguage\":\"en-US\"},{\"@type\":\"ImageObject\",\"@id\":\"https:\/\/lumart.fr\/en\/the-collections\/interior\/wall-lights\/vache-applique-3455-2\/#primaryimage\",\"inLanguage\":\"en-US\",\"url\":\"\/wp-content\/uploads\/2017\/12\/3455-2-Applique-Vache-VL-Lumart-BD-2.jpg\",\"contentUrl\":\"\/wp-content\/uploads\/2017\/12\/3455-2-Applique-Vache-VL-Lumart-BD-2.jpg\",\"width\":2551,\"height\":1701,\"caption\":\"Vache wall light, antique brass\"},{\"@type\":\"WebPage\",\"@id\":\"https:\/\/lumart.fr\/en\/the-collections\/interior\/wall-lights\/vache-applique-3455-2\/#webpage\",\"url\":\"https:\/\/lumart.fr\/en\/the-collections\/interior\/wall-lights\/vache-applique-3455-2\/\",\"name\":\"Applique Vache (3455\/2) - Lum'art\",\"isPartOf\":{\"@id\":\"https:\/\/lumart.fr\/fr\/#website\"},\"primaryImageOfPage\":{\"@id\":\"https:\/\/lumart.fr\/en\/the-collections\/interior\/wall-lights\/vache-applique-3455-2\/#primaryimage\"},\"datePublished\":\"2017-12-18T14:36:25+00:00\",\"dateModified\":\"2022-01-11T16:19:17+00:00\",\"description\":\"La collection Vache est sign\\u00e9e campagne ! Version lustre ou applique, elle viendra apporter une touche d'humour \\u00e0 la d\\u00e9coration d'une chambre d'enfant par exemple. Choisir une finition laiton bross\\u00e9 pourra lui donner un coup de peps presque contemporain !\",\"breadcrumb\":{\"@id\":\"https:\/\/lumart.fr\/en\/the-collections\/interior\/wall-lights\/vache-applique-3455-2\/#breadcrumb\"},\"inLanguage\":\"en-US\",\"potentialAction\":[{\"@type\":\"ReadAction\",\"target\":[\"https:\/\/lumart.fr\/en\/the-collections\/interior\/wall-lights\/vache-applique-3455-2\/\"]}]},{\"@type\":\"BreadcrumbList\",\"@id\":\"https:\/\/lumart.fr\/en\/the-collections\/interior\/wall-lights\/vache-applique-3455-2\/#breadcrumb\",\"itemListElement\":[{\"@type\":\"ListItem\",\"position\":1,\"name\":\"Home\",\"item\":\"https:\/\/lumart.fr\/en\/\"},{\"@type\":\"ListItem\",\"position\":2,\"name\":\"The Collections\",\"item\":\"https:\/\/lumart.fr\/en\/the-collections\/\"},{\"@type\":\"ListItem\",\"position\":3,\"name\":\"Vache - Wall lantern\"}]}]}<\/script>\n<!-- \/ Yoast SEO plugin. -->","yoast_head_json":{"description":"La collection Vache est sign\u00e9e campagne ! Version lustre ou applique, elle viendra apporter une touche d'humour \u00e0 la d\u00e9coration d'une chambre d'enfant par exemple. Choisir une finition laiton bross\u00e9 pourra lui donner un coup de peps presque contemporain !","robots":{"index":"index","follow":"follow","max-snippet":"max-snippet:-1","max-image-preview":"max-image-preview:large","max-video-preview":"max-video-preview:-1"},"canonical":"https:\/\/lumart.fr\/en\/the-collections\/interior\/wall-lights\/vache-applique-3455-2\/","og_locale":"en_US","og_type":"article","og_title":"Applique Vache (3455\/2) - Lum'art","og_description":"La collection Vache est sign\u00e9e campagne ! Version lustre ou applique, elle viendra apporter une touche d'humour \u00e0 la d\u00e9coration d'une chambre d'enfant par exemple. Choisir une finition laiton bross\u00e9 pourra lui donner un coup de peps presque contemporain !","og_url":"https:\/\/lumart.fr\/en\/the-collections\/interior\/wall-lights\/vache-applique-3455-2\/","og_site_name":"Lum&#039;Art","article_publisher":"https:\/\/www.facebook.com\/LumArt-1543826629180391\/","article_modified_time":"2022-01-11T16:19:17+00:00","og_image":[{"width":2551,"height":1701,"url":"https:\/\/lumart.fr\/wp-content\/uploads\/2017\/12\/3455-2-Applique-Vache-VL-Lumart-BD-2.jpg","type":"image\/jpeg"}],"twitter_card":"summary","schema":{"@context":"https:\/\/schema.org","@graph":[{"@type":"WebSite","@id":"https:\/\/lumart.fr\/fr\/#website","url":"https:\/\/lumart.fr\/fr\/","name":"Lum'art","description":"","potentialAction":[{"@type":"SearchAction","target":{"@type":"EntryPoint","urlTemplate":"https:\/\/lumart.fr\/fr\/?s={search_term_string}"},"query-input":"required name=search_term_string"}],"inLanguage":"en-US"},{"@type":"ImageObject","@id":"https:\/\/lumart.fr\/en\/the-collections\/interior\/wall-lights\/vache-applique-3455-2\/#primaryimage","inLanguage":"en-US","url":"\/wp-content\/uploads\/2017\/12\/3455-2-Applique-Vache-VL-Lumart-BD-2.jpg","contentUrl":"\/wp-content\/uploads\/2017\/12\/3455-2-Applique-Vache-VL-Lumart-BD-2.jpg","width":2551,"height":1701,"caption":"Vache wall light, antique brass"},{"@type":"WebPage","@id":"https:\/\/lumart.fr\/en\/the-collections\/interior\/wall-lights\/vache-applique-3455-2\/#webpage","url":"https:\/\/lumart.fr\/en\/the-collections\/interior\/wall-lights\/vache-applique-3455-2\/","name":"Applique Vache (3455\/2) - Lum'art","isPartOf":{"@id":"https:\/\/lumart.fr\/fr\/#website"},"primaryImageOfPage":{"@id":"https:\/\/lumart.fr\/en\/the-collections\/interior\/wall-lights\/vache-applique-3455-2\/#primaryimage"},"datePublished":"2017-12-18T14:36:25+00:00","dateModified":"2022-01-11T16:19:17+00:00","description":"La collection Vache est sign\u00e9e campagne ! Version lustre ou applique, elle viendra apporter une touche d'humour \u00e0 la d\u00e9coration d'une chambre d'enfant par exemple. Choisir une finition laiton bross\u00e9 pourra lui donner un coup de peps presque contemporain !","breadcrumb":{"@id":"https:\/\/lumart.fr\/en\/the-collections\/interior\/wall-lights\/vache-applique-3455-2\/#breadcrumb"},"inLanguage":"en-US","potentialAction":[{"@type":"ReadAction","target":["https:\/\/lumart.fr\/en\/the-collections\/interior\/wall-lights\/vache-applique-3455-2\/"]}]},{"@type":"BreadcrumbList","@id":"https:\/\/lumart.fr\/en\/the-collections\/interior\/wall-lights\/vache-applique-3455-2\/#breadcrumb","itemListElement":[{"@type":"ListItem","position":1,"name":"Home","item":"https:\/\/lumart.fr\/en\/"},{"@type":"ListItem","position":2,"name":"The Collections","item":"https:\/\/lumart.fr\/en\/the-collections\/"},{"@type":"ListItem","position":3,"name":"Vache - Wall lantern"}]}]}},"_links":{"self":[{"href":"https:\/\/lumart.fr\/en\/wp-json\/wp\/v2\/product\/11358"}],"collection":[{"href":"https:\/\/lumart.fr\/en\/wp-json\/wp\/v2\/product"}],"about":[{"href":"https:\/\/lumart.fr\/en\/wp-json\/wp\/v2\/types\/product"}],"wp:featuredmedia":[{"embeddable":true,"href":"https:\/\/lumart.fr\/en\/wp-json\/wp\/v2\/media\/4030"}],"wp:attachment":[{"href":"https:\/\/lumart.fr\/en\/wp-json\/wp\/v2\/media?parent=11358"}],"wp:term":[{"taxonomy":"product_cat","embeddable":true,"href":"https:\/\/lumart.fr\/en\/wp-json\/wp\/v2\/product_cat?post=11358"},{"taxonomy":"product_tag","embeddable":true,"href":"https:\/\/lumart.fr\/en\/wp-json\/wp\/v2\/product_tag?post=11358"}],"curies":[{"name":"wp","href":"https:\/\/api.w.org\/{rel}","templated":true}]}}