{"id":11353,"date":"2017-12-18T14:36:21","date_gmt":"2017-12-18T14:36:21","guid":{"rendered":"https:\/\/lumart.fr\/les-collections\/uncategorized\/transatlantique-rampe-a-tableau-41-cm-3487-2\/"},"modified":"2022-01-11T17:10:56","modified_gmt":"2022-01-11T16:10:56","slug":"transatlantique-rampe-a-tableau-41-cm-3487-2","status":"publish","type":"product","link":"https:\/\/lumart.fr\/en\/the-collections\/interior\/picture-lights\/transatlantique-rampe-a-tableau-41-cm-3487-2\/","title":{"rendered":"Transatlantique - Picture light 41 cm"},"content":{"rendered":"<p>Transatlantique is a contemporary picture lamp that can be installed above the painting or etching it illuminates. Its reflector pivots to find the perfect lighting angle.<\/p>\n","protected":false},"excerpt":{"rendered":"<p>Transatlantique is a contemporary picture lamp that can be installed above the painting or etching it illuminates. Its reflector pivots to find the perfect lighting angle.<\/p>\n","protected":false},"featured_media":4168,"template":"","meta":[],"product_cat":[268],"product_tag":[],"acf":[],"yoast_head":"<!-- This site is optimized with the Yoast SEO plugin v17.8 - https:\/\/yoast.com\/wordpress\/plugins\/seo\/ -->\n<meta name=\"description\" content=\"Transatlantique est une rampe \u00e0 tableau au design contemporain qui se positionne au dessus du tableau ou de la gravure \u00e0 \u00e9clairer. Son r\u00e9flecteur pivote pour donner \u00e0 la lumi\u00e8re la bonne inclinaison.\" \/>\n<meta name=\"robots\" content=\"index, follow, max-snippet:-1, max-image-preview:large, max-video-preview:-1\" \/>\n<link rel=\"canonical\" href=\"https:\/\/lumart.fr\/en\/the-collections\/interior\/picture-lights\/transatlantique-rampe-a-tableau-41-cm-3487-2\/\" \/>\n<meta property=\"og:locale\" content=\"en_US\" \/>\n<meta property=\"og:type\" content=\"article\" \/>\n<meta property=\"og:title\" content=\"Rampe \u00e0 tableau Transatlantique (3487\/2) - Lum&#039;art\" \/>\n<meta property=\"og:description\" content=\"Transatlantique est une rampe \u00e0 tableau au design contemporain qui se positionne au dessus du tableau ou de la gravure \u00e0 \u00e9clairer. Son r\u00e9flecteur pivote pour donner \u00e0 la lumi\u00e8re la bonne inclinaison.\" \/>\n<meta property=\"og:url\" content=\"https:\/\/lumart.fr\/en\/the-collections\/interior\/picture-lights\/transatlantique-rampe-a-tableau-41-cm-3487-2\/\" \/>\n<meta property=\"og:site_name\" content=\"Lum&#039;Art\" \/>\n<meta property=\"article:publisher\" content=\"https:\/\/www.facebook.com\/LumArt-1543826629180391\/\" \/>\n<meta property=\"article:modified_time\" content=\"2022-01-11T16:10:56+00:00\" \/>\n<meta property=\"og:image\" content=\"https:\/\/lumart.fr\/wp-content\/uploads\/2017\/12\/3487-2-Rampe-tableau-Transatlantique-41cm-CDF-Lumart-BD-3.jpg\" \/>\n\t<meta property=\"og:image:width\" content=\"2551\" \/>\n\t<meta property=\"og:image:height\" content=\"1701\" \/>\n<meta name=\"twitter:card\" content=\"summary\" \/>\n<script type=\"application\/ld+json\" class=\"yoast-schema-graph\">{\"@context\":\"https:\/\/schema.org\",\"@graph\":[{\"@type\":\"WebSite\",\"@id\":\"https:\/\/lumart.fr\/fr\/#website\",\"url\":\"https:\/\/lumart.fr\/fr\/\",\"name\":\"Lum'art\",\"description\":\"\",\"potentialAction\":[{\"@type\":\"SearchAction\",\"target\":{\"@type\":\"EntryPoint\",\"urlTemplate\":\"https:\/\/lumart.fr\/fr\/?s={search_term_string}\"},\"query-input\":\"required name=search_term_string\"}],\"inLanguage\":\"en-US\"},{\"@type\":\"ImageObject\",\"@id\":\"https:\/\/lumart.fr\/en\/the-collections\/interior\/picture-lights\/transatlantique-rampe-a-tableau-41-cm-3487-2\/#primaryimage\",\"inLanguage\":\"en-US\",\"url\":\"\/wp-content\/uploads\/2017\/12\/3487-2-Rampe-tableau-Transatlantique-41cm-CDF-Lumart-BD-3.jpg\",\"contentUrl\":\"\/wp-content\/uploads\/2017\/12\/3487-2-Rampe-tableau-Transatlantique-41cm-CDF-Lumart-BD-3.jpg\",\"width\":2551,\"height\":1701,\"caption\":\"Transatlantique picture light, 41 cm, gun metal\"},{\"@type\":\"WebPage\",\"@id\":\"https:\/\/lumart.fr\/en\/the-collections\/interior\/picture-lights\/transatlantique-rampe-a-tableau-41-cm-3487-2\/#webpage\",\"url\":\"https:\/\/lumart.fr\/en\/the-collections\/interior\/picture-lights\/transatlantique-rampe-a-tableau-41-cm-3487-2\/\",\"name\":\"Rampe \\u00e0 tableau Transatlantique (3487\/2) - Lum'art\",\"isPartOf\":{\"@id\":\"https:\/\/lumart.fr\/fr\/#website\"},\"primaryImageOfPage\":{\"@id\":\"https:\/\/lumart.fr\/en\/the-collections\/interior\/picture-lights\/transatlantique-rampe-a-tableau-41-cm-3487-2\/#primaryimage\"},\"datePublished\":\"2017-12-18T14:36:21+00:00\",\"dateModified\":\"2022-01-11T16:10:56+00:00\",\"description\":\"Transatlantique est une rampe \\u00e0 tableau au design contemporain qui se positionne au dessus du tableau ou de la gravure \\u00e0 \\u00e9clairer. Son r\\u00e9flecteur pivote pour donner \\u00e0 la lumi\\u00e8re la bonne inclinaison.\",\"breadcrumb\":{\"@id\":\"https:\/\/lumart.fr\/en\/the-collections\/interior\/picture-lights\/transatlantique-rampe-a-tableau-41-cm-3487-2\/#breadcrumb\"},\"inLanguage\":\"en-US\",\"potentialAction\":[{\"@type\":\"ReadAction\",\"target\":[\"https:\/\/lumart.fr\/en\/the-collections\/interior\/picture-lights\/transatlantique-rampe-a-tableau-41-cm-3487-2\/\"]}]},{\"@type\":\"BreadcrumbList\",\"@id\":\"https:\/\/lumart.fr\/en\/the-collections\/interior\/picture-lights\/transatlantique-rampe-a-tableau-41-cm-3487-2\/#breadcrumb\",\"itemListElement\":[{\"@type\":\"ListItem\",\"position\":1,\"name\":\"Home\",\"item\":\"https:\/\/lumart.fr\/en\/\"},{\"@type\":\"ListItem\",\"position\":2,\"name\":\"The Collections\",\"item\":\"https:\/\/lumart.fr\/en\/the-collections\/\"},{\"@type\":\"ListItem\",\"position\":3,\"name\":\"Transatlantique - Picture light 41 cm\"}]}]}<\/script>\n<!-- \/ Yoast SEO plugin. -->","yoast_head_json":{"description":"Transatlantique est une rampe \u00e0 tableau au design contemporain qui se positionne au dessus du tableau ou de la gravure \u00e0 \u00e9clairer. Son r\u00e9flecteur pivote pour donner \u00e0 la lumi\u00e8re la bonne inclinaison.","robots":{"index":"index","follow":"follow","max-snippet":"max-snippet:-1","max-image-preview":"max-image-preview:large","max-video-preview":"max-video-preview:-1"},"canonical":"https:\/\/lumart.fr\/en\/the-collections\/interior\/picture-lights\/transatlantique-rampe-a-tableau-41-cm-3487-2\/","og_locale":"en_US","og_type":"article","og_title":"Rampe \u00e0 tableau Transatlantique (3487\/2) - Lum'art","og_description":"Transatlantique est une rampe \u00e0 tableau au design contemporain qui se positionne au dessus du tableau ou de la gravure \u00e0 \u00e9clairer. Son r\u00e9flecteur pivote pour donner \u00e0 la lumi\u00e8re la bonne inclinaison.","og_url":"https:\/\/lumart.fr\/en\/the-collections\/interior\/picture-lights\/transatlantique-rampe-a-tableau-41-cm-3487-2\/","og_site_name":"Lum&#039;Art","article_publisher":"https:\/\/www.facebook.com\/LumArt-1543826629180391\/","article_modified_time":"2022-01-11T16:10:56+00:00","og_image":[{"width":2551,"height":1701,"url":"https:\/\/lumart.fr\/wp-content\/uploads\/2017\/12\/3487-2-Rampe-tableau-Transatlantique-41cm-CDF-Lumart-BD-3.jpg","type":"image\/jpeg"}],"twitter_card":"summary","schema":{"@context":"https:\/\/schema.org","@graph":[{"@type":"WebSite","@id":"https:\/\/lumart.fr\/fr\/#website","url":"https:\/\/lumart.fr\/fr\/","name":"Lum'art","description":"","potentialAction":[{"@type":"SearchAction","target":{"@type":"EntryPoint","urlTemplate":"https:\/\/lumart.fr\/fr\/?s={search_term_string}"},"query-input":"required name=search_term_string"}],"inLanguage":"en-US"},{"@type":"ImageObject","@id":"https:\/\/lumart.fr\/en\/the-collections\/interior\/picture-lights\/transatlantique-rampe-a-tableau-41-cm-3487-2\/#primaryimage","inLanguage":"en-US","url":"\/wp-content\/uploads\/2017\/12\/3487-2-Rampe-tableau-Transatlantique-41cm-CDF-Lumart-BD-3.jpg","contentUrl":"\/wp-content\/uploads\/2017\/12\/3487-2-Rampe-tableau-Transatlantique-41cm-CDF-Lumart-BD-3.jpg","width":2551,"height":1701,"caption":"Transatlantique picture light, 41 cm, gun metal"},{"@type":"WebPage","@id":"https:\/\/lumart.fr\/en\/the-collections\/interior\/picture-lights\/transatlantique-rampe-a-tableau-41-cm-3487-2\/#webpage","url":"https:\/\/lumart.fr\/en\/the-collections\/interior\/picture-lights\/transatlantique-rampe-a-tableau-41-cm-3487-2\/","name":"Rampe \u00e0 tableau Transatlantique (3487\/2) - Lum'art","isPartOf":{"@id":"https:\/\/lumart.fr\/fr\/#website"},"primaryImageOfPage":{"@id":"https:\/\/lumart.fr\/en\/the-collections\/interior\/picture-lights\/transatlantique-rampe-a-tableau-41-cm-3487-2\/#primaryimage"},"datePublished":"2017-12-18T14:36:21+00:00","dateModified":"2022-01-11T16:10:56+00:00","description":"Transatlantique est une rampe \u00e0 tableau au design contemporain qui se positionne au dessus du tableau ou de la gravure \u00e0 \u00e9clairer. Son r\u00e9flecteur pivote pour donner \u00e0 la lumi\u00e8re la bonne inclinaison.","breadcrumb":{"@id":"https:\/\/lumart.fr\/en\/the-collections\/interior\/picture-lights\/transatlantique-rampe-a-tableau-41-cm-3487-2\/#breadcrumb"},"inLanguage":"en-US","potentialAction":[{"@type":"ReadAction","target":["https:\/\/lumart.fr\/en\/the-collections\/interior\/picture-lights\/transatlantique-rampe-a-tableau-41-cm-3487-2\/"]}]},{"@type":"BreadcrumbList","@id":"https:\/\/lumart.fr\/en\/the-collections\/interior\/picture-lights\/transatlantique-rampe-a-tableau-41-cm-3487-2\/#breadcrumb","itemListElement":[{"@type":"ListItem","position":1,"name":"Home","item":"https:\/\/lumart.fr\/en\/"},{"@type":"ListItem","position":2,"name":"The Collections","item":"https:\/\/lumart.fr\/en\/the-collections\/"},{"@type":"ListItem","position":3,"name":"Transatlantique - Picture light 41 cm"}]}]}},"_links":{"self":[{"href":"https:\/\/lumart.fr\/en\/wp-json\/wp\/v2\/product\/11353"}],"collection":[{"href":"https:\/\/lumart.fr\/en\/wp-json\/wp\/v2\/product"}],"about":[{"href":"https:\/\/lumart.fr\/en\/wp-json\/wp\/v2\/types\/product"}],"wp:featuredmedia":[{"embeddable":true,"href":"https:\/\/lumart.fr\/en\/wp-json\/wp\/v2\/media\/4168"}],"wp:attachment":[{"href":"https:\/\/lumart.fr\/en\/wp-json\/wp\/v2\/media?parent=11353"}],"wp:term":[{"taxonomy":"product_cat","embeddable":true,"href":"https:\/\/lumart.fr\/en\/wp-json\/wp\/v2\/product_cat?post=11353"},{"taxonomy":"product_tag","embeddable":true,"href":"https:\/\/lumart.fr\/en\/wp-json\/wp\/v2\/product_tag?post=11353"}],"curies":[{"name":"wp","href":"https:\/\/api.w.org\/{rel}","templated":true}]}}