{"id":11340,"date":"2017-12-18T14:36:45","date_gmt":"2017-12-18T14:36:45","guid":{"rendered":"https:\/\/lumart.fr\/les-collections\/uncategorized\/chantilly-hublot-gm-6175-2\/"},"modified":"2022-01-11T16:23:55","modified_gmt":"2022-01-11T15:23:55","slug":"chantilly-hublot-gm-6175-2","status":"publish","type":"product","link":"https:\/\/lumart.fr\/en\/the-collections\/interior\/porthole-lights\/chantilly-hublot-gm-6175-2\/","title":{"rendered":"Chantilly - Porthole light L"},"content":{"rendered":"<p>Inspired by the turn of the 19th century in France, the Chantilly Collection is a great classic that dresses up even the prettiest of properties. Exquisitely elegant, its subtle lines are emphasized by a frieze along the roof border and delicate brass balls. In the wall light style, faux candles recall the look of the lanterns from this period.<\/p>\n","protected":false},"excerpt":{"rendered":"<p>Inspired by the turn of the 19th century in France, the Chantilly Collection is a great classic that dresses up even the prettiest of properties. Exquisitely elegant, its subtle lines are emphasized by a frieze along the roof border and delicate brass balls. In the wall light style, faux candles recall the look of the lanterns from this period.<\/p>\n","protected":false},"featured_media":4516,"template":"","meta":[],"product_cat":[263],"product_tag":[],"acf":[],"yoast_head":"<!-- This site is optimized with the Yoast SEO plugin v17.8 - https:\/\/yoast.com\/wordpress\/plugins\/seo\/ -->\n<meta name=\"description\" content=\"D&#039;inspiration d\u00e9but XIX\u00e8me si\u00e8cle fran\u00e7ais, la collection Chantilly est un grand classique qui habille les plus belles propri\u00e9t\u00e9s. D&#039;une grand \u00e9l\u00e9gance, sa ligne est subtilement soulign\u00e9e d&#039;une frise en bordure de toit et sign\u00e9e de d\u00e9licates boules en laiton.\" \/>\n<meta name=\"robots\" content=\"index, follow, max-snippet:-1, max-image-preview:large, max-video-preview:-1\" \/>\n<link rel=\"canonical\" href=\"https:\/\/lumart.fr\/en\/the-collections\/interior\/porthole-lights\/chantilly-hublot-gm-6175-2\/\" \/>\n<meta property=\"og:locale\" content=\"en_US\" \/>\n<meta property=\"og:type\" content=\"article\" \/>\n<meta property=\"og:title\" content=\"Hublot Chantilly GM (6175-2) - Lum&#039;art\" \/>\n<meta property=\"og:description\" content=\"D&#039;inspiration d\u00e9but XIX\u00e8me si\u00e8cle fran\u00e7ais, la collection Chantilly est un grand classique qui habille les plus belles propri\u00e9t\u00e9s. D&#039;une grand \u00e9l\u00e9gance, sa ligne est subtilement soulign\u00e9e d&#039;une frise en bordure de toit et sign\u00e9e de d\u00e9licates boules en laiton.\" \/>\n<meta property=\"og:url\" content=\"https:\/\/lumart.fr\/en\/the-collections\/interior\/porthole-lights\/chantilly-hublot-gm-6175-2\/\" \/>\n<meta property=\"og:site_name\" content=\"Lum&#039;Art\" \/>\n<meta property=\"article:publisher\" content=\"https:\/\/www.facebook.com\/LumArt-1543826629180391\/\" \/>\n<meta property=\"article:modified_time\" content=\"2022-01-11T15:23:55+00:00\" \/>\n<meta property=\"og:image\" content=\"https:\/\/lumart.fr\/wp-content\/uploads\/2017\/12\/6175-2-Hublot-Chantilly-VL-Lumart-BD-2.jpg\" \/>\n\t<meta property=\"og:image:width\" content=\"2551\" \/>\n\t<meta property=\"og:image:height\" content=\"1701\" \/>\n<meta name=\"twitter:card\" content=\"summary\" \/>\n<script type=\"application\/ld+json\" class=\"yoast-schema-graph\">{\"@context\":\"https:\/\/schema.org\",\"@graph\":[{\"@type\":\"WebSite\",\"@id\":\"https:\/\/lumart.fr\/fr\/#website\",\"url\":\"https:\/\/lumart.fr\/fr\/\",\"name\":\"Lum'art\",\"description\":\"\",\"potentialAction\":[{\"@type\":\"SearchAction\",\"target\":{\"@type\":\"EntryPoint\",\"urlTemplate\":\"https:\/\/lumart.fr\/fr\/?s={search_term_string}\"},\"query-input\":\"required name=search_term_string\"}],\"inLanguage\":\"en-US\"},{\"@type\":\"ImageObject\",\"@id\":\"https:\/\/lumart.fr\/en\/the-collections\/interior\/porthole-lights\/chantilly-hublot-gm-6175-2\/#primaryimage\",\"inLanguage\":\"en-US\",\"url\":\"\/wp-content\/uploads\/2017\/12\/6175-2-Hublot-Chantilly-VL-Lumart-BD-2.jpg\",\"contentUrl\":\"\/wp-content\/uploads\/2017\/12\/6175-2-Hublot-Chantilly-VL-Lumart-BD-2.jpg\",\"width\":2551,\"height\":1701,\"caption\":\"Chantilly porthole light, antique brass\"},{\"@type\":\"WebPage\",\"@id\":\"https:\/\/lumart.fr\/en\/the-collections\/interior\/porthole-lights\/chantilly-hublot-gm-6175-2\/#webpage\",\"url\":\"https:\/\/lumart.fr\/en\/the-collections\/interior\/porthole-lights\/chantilly-hublot-gm-6175-2\/\",\"name\":\"Hublot Chantilly GM (6175-2) - Lum'art\",\"isPartOf\":{\"@id\":\"https:\/\/lumart.fr\/fr\/#website\"},\"primaryImageOfPage\":{\"@id\":\"https:\/\/lumart.fr\/en\/the-collections\/interior\/porthole-lights\/chantilly-hublot-gm-6175-2\/#primaryimage\"},\"datePublished\":\"2017-12-18T14:36:45+00:00\",\"dateModified\":\"2022-01-11T15:23:55+00:00\",\"description\":\"D'inspiration d\\u00e9but XIX\\u00e8me si\\u00e8cle fran\\u00e7ais, la collection Chantilly est un grand classique qui habille les plus belles propri\\u00e9t\\u00e9s. D'une grand \\u00e9l\\u00e9gance, sa ligne est subtilement soulign\\u00e9e d'une frise en bordure de toit et sign\\u00e9e de d\\u00e9licates boules en laiton.\",\"breadcrumb\":{\"@id\":\"https:\/\/lumart.fr\/en\/the-collections\/interior\/porthole-lights\/chantilly-hublot-gm-6175-2\/#breadcrumb\"},\"inLanguage\":\"en-US\",\"potentialAction\":[{\"@type\":\"ReadAction\",\"target\":[\"https:\/\/lumart.fr\/en\/the-collections\/interior\/porthole-lights\/chantilly-hublot-gm-6175-2\/\"]}]},{\"@type\":\"BreadcrumbList\",\"@id\":\"https:\/\/lumart.fr\/en\/the-collections\/interior\/porthole-lights\/chantilly-hublot-gm-6175-2\/#breadcrumb\",\"itemListElement\":[{\"@type\":\"ListItem\",\"position\":1,\"name\":\"Home\",\"item\":\"https:\/\/lumart.fr\/en\/\"},{\"@type\":\"ListItem\",\"position\":2,\"name\":\"The Collections\",\"item\":\"https:\/\/lumart.fr\/en\/the-collections\/\"},{\"@type\":\"ListItem\",\"position\":3,\"name\":\"Chantilly - Porthole light L\"}]}]}<\/script>\n<!-- \/ Yoast SEO plugin. -->","yoast_head_json":{"description":"D'inspiration d\u00e9but XIX\u00e8me si\u00e8cle fran\u00e7ais, la collection Chantilly est un grand classique qui habille les plus belles propri\u00e9t\u00e9s. D'une grand \u00e9l\u00e9gance, sa ligne est subtilement soulign\u00e9e d'une frise en bordure de toit et sign\u00e9e de d\u00e9licates boules en laiton.","robots":{"index":"index","follow":"follow","max-snippet":"max-snippet:-1","max-image-preview":"max-image-preview:large","max-video-preview":"max-video-preview:-1"},"canonical":"https:\/\/lumart.fr\/en\/the-collections\/interior\/porthole-lights\/chantilly-hublot-gm-6175-2\/","og_locale":"en_US","og_type":"article","og_title":"Hublot Chantilly GM (6175-2) - Lum'art","og_description":"D'inspiration d\u00e9but XIX\u00e8me si\u00e8cle fran\u00e7ais, la collection Chantilly est un grand classique qui habille les plus belles propri\u00e9t\u00e9s. D'une grand \u00e9l\u00e9gance, sa ligne est subtilement soulign\u00e9e d'une frise en bordure de toit et sign\u00e9e de d\u00e9licates boules en laiton.","og_url":"https:\/\/lumart.fr\/en\/the-collections\/interior\/porthole-lights\/chantilly-hublot-gm-6175-2\/","og_site_name":"Lum&#039;Art","article_publisher":"https:\/\/www.facebook.com\/LumArt-1543826629180391\/","article_modified_time":"2022-01-11T15:23:55+00:00","og_image":[{"width":2551,"height":1701,"url":"https:\/\/lumart.fr\/wp-content\/uploads\/2017\/12\/6175-2-Hublot-Chantilly-VL-Lumart-BD-2.jpg","type":"image\/jpeg"}],"twitter_card":"summary","schema":{"@context":"https:\/\/schema.org","@graph":[{"@type":"WebSite","@id":"https:\/\/lumart.fr\/fr\/#website","url":"https:\/\/lumart.fr\/fr\/","name":"Lum'art","description":"","potentialAction":[{"@type":"SearchAction","target":{"@type":"EntryPoint","urlTemplate":"https:\/\/lumart.fr\/fr\/?s={search_term_string}"},"query-input":"required name=search_term_string"}],"inLanguage":"en-US"},{"@type":"ImageObject","@id":"https:\/\/lumart.fr\/en\/the-collections\/interior\/porthole-lights\/chantilly-hublot-gm-6175-2\/#primaryimage","inLanguage":"en-US","url":"\/wp-content\/uploads\/2017\/12\/6175-2-Hublot-Chantilly-VL-Lumart-BD-2.jpg","contentUrl":"\/wp-content\/uploads\/2017\/12\/6175-2-Hublot-Chantilly-VL-Lumart-BD-2.jpg","width":2551,"height":1701,"caption":"Chantilly porthole light, antique brass"},{"@type":"WebPage","@id":"https:\/\/lumart.fr\/en\/the-collections\/interior\/porthole-lights\/chantilly-hublot-gm-6175-2\/#webpage","url":"https:\/\/lumart.fr\/en\/the-collections\/interior\/porthole-lights\/chantilly-hublot-gm-6175-2\/","name":"Hublot Chantilly GM (6175-2) - Lum'art","isPartOf":{"@id":"https:\/\/lumart.fr\/fr\/#website"},"primaryImageOfPage":{"@id":"https:\/\/lumart.fr\/en\/the-collections\/interior\/porthole-lights\/chantilly-hublot-gm-6175-2\/#primaryimage"},"datePublished":"2017-12-18T14:36:45+00:00","dateModified":"2022-01-11T15:23:55+00:00","description":"D'inspiration d\u00e9but XIX\u00e8me si\u00e8cle fran\u00e7ais, la collection Chantilly est un grand classique qui habille les plus belles propri\u00e9t\u00e9s. D'une grand \u00e9l\u00e9gance, sa ligne est subtilement soulign\u00e9e d'une frise en bordure de toit et sign\u00e9e de d\u00e9licates boules en laiton.","breadcrumb":{"@id":"https:\/\/lumart.fr\/en\/the-collections\/interior\/porthole-lights\/chantilly-hublot-gm-6175-2\/#breadcrumb"},"inLanguage":"en-US","potentialAction":[{"@type":"ReadAction","target":["https:\/\/lumart.fr\/en\/the-collections\/interior\/porthole-lights\/chantilly-hublot-gm-6175-2\/"]}]},{"@type":"BreadcrumbList","@id":"https:\/\/lumart.fr\/en\/the-collections\/interior\/porthole-lights\/chantilly-hublot-gm-6175-2\/#breadcrumb","itemListElement":[{"@type":"ListItem","position":1,"name":"Home","item":"https:\/\/lumart.fr\/en\/"},{"@type":"ListItem","position":2,"name":"The Collections","item":"https:\/\/lumart.fr\/en\/the-collections\/"},{"@type":"ListItem","position":3,"name":"Chantilly - Porthole light L"}]}]}},"_links":{"self":[{"href":"https:\/\/lumart.fr\/en\/wp-json\/wp\/v2\/product\/11340"}],"collection":[{"href":"https:\/\/lumart.fr\/en\/wp-json\/wp\/v2\/product"}],"about":[{"href":"https:\/\/lumart.fr\/en\/wp-json\/wp\/v2\/types\/product"}],"wp:featuredmedia":[{"embeddable":true,"href":"https:\/\/lumart.fr\/en\/wp-json\/wp\/v2\/media\/4516"}],"wp:attachment":[{"href":"https:\/\/lumart.fr\/en\/wp-json\/wp\/v2\/media?parent=11340"}],"wp:term":[{"taxonomy":"product_cat","embeddable":true,"href":"https:\/\/lumart.fr\/en\/wp-json\/wp\/v2\/product_cat?post=11340"},{"taxonomy":"product_tag","embeddable":true,"href":"https:\/\/lumart.fr\/en\/wp-json\/wp\/v2\/product_tag?post=11340"}],"curies":[{"name":"wp","href":"https:\/\/api.w.org\/{rel}","templated":true}]}}