{"id":11339,"date":"2017-12-18T14:36:48","date_gmt":"2017-12-18T14:36:48","guid":{"rendered":"https:\/\/lumart.fr\/les-collections\/uncategorized\/illiers-lustre-425-3\/"},"modified":"2022-01-11T15:57:39","modified_gmt":"2022-01-11T14:57:39","slug":"illiers-lustre-425-3","status":"publish","type":"product","link":"https:\/\/lumart.fr\/en\/the-collections\/interior\/chandeliers\/illiers-lustre-425-3\/","title":{"rendered":"Illiers - Chandelier"},"content":{"rendered":"<p>With a touch of 1940s flair, the Ombre de Lune Collection plays up the contrast between the vertical supports and the rounded opaline glass. Showcasing the harmony between solidity and softness depending on the finish chosen, Ombre de Lune can be installed in a bathroom, hallway or even a living room in its XXL size.<\/p>\n","protected":false},"excerpt":{"rendered":"<p>Un petit air ann\u00e9es 40 pour la collection Illiers qui joue le jeu des contrastes en associant la rectitude des supports et la rondeur des verreries opaline. Heureuse synth\u00e8se entre force et douceur, suivant la patine choisie, Illiers passera de la salle de bain \u00e0 la chambre, au couloir voire \u00e0 la pi\u00e8ce de s\u00e9jour! <a href=\"https:\/\/lumart.fr\/en\/the-collections\/interior\/chandeliers\/illiers-lustre-425-3\/\" class=\"more\">[ &hellip; ]<\/a><\/p>\n","protected":false},"featured_media":2605,"template":"","meta":[],"product_cat":[267],"product_tag":[],"acf":[],"yoast_head":"<!-- This site is optimized with the Yoast SEO plugin v17.8 - https:\/\/yoast.com\/wordpress\/plugins\/seo\/ -->\n<meta name=\"description\" content=\"Un petit air ann\u00e9es 40 pour la collection Ombre de Lune qui joue le jeu des contrastes en associant la rectitude des supports et la rondeur des verreries opaline.\" \/>\n<meta name=\"robots\" content=\"index, follow, max-snippet:-1, max-image-preview:large, max-video-preview:-1\" \/>\n<link rel=\"canonical\" href=\"https:\/\/lumart.fr\/en\/the-collections\/interior\/chandeliers\/illiers-lustre-425-3\/\" \/>\n<meta property=\"og:locale\" content=\"en_US\" \/>\n<meta property=\"og:type\" content=\"article\" \/>\n<meta property=\"og:title\" content=\"Lustre Ombre de Lune (425-3) - Lum&#039;art\" \/>\n<meta property=\"og:description\" content=\"Un petit air ann\u00e9es 40 pour la collection Ombre de Lune qui joue le jeu des contrastes en associant la rectitude des supports et la rondeur des verreries opaline.\" \/>\n<meta property=\"og:url\" content=\"https:\/\/lumart.fr\/en\/the-collections\/interior\/chandeliers\/illiers-lustre-425-3\/\" \/>\n<meta property=\"og:site_name\" content=\"Lum&#039;Art\" \/>\n<meta property=\"article:publisher\" content=\"https:\/\/www.facebook.com\/LumArt-1543826629180391\/\" \/>\n<meta property=\"article:modified_time\" content=\"2022-01-11T14:57:39+00:00\" \/>\n<meta property=\"og:image\" content=\"https:\/\/lumart.fr\/wp-content\/uploads\/2017\/12\/425-3-Lustre-Ombre-de-Lune-LB-Lumart-BD-2.jpg\" \/>\n\t<meta property=\"og:image:width\" content=\"2551\" \/>\n\t<meta property=\"og:image:height\" content=\"1701\" \/>\n<meta name=\"twitter:card\" content=\"summary\" \/>\n<meta name=\"twitter:label1\" content=\"Est. reading time\" \/>\n\t<meta name=\"twitter:data1\" content=\"1 minute\" \/>\n<script type=\"application\/ld+json\" class=\"yoast-schema-graph\">{\"@context\":\"https:\/\/schema.org\",\"@graph\":[{\"@type\":\"WebSite\",\"@id\":\"https:\/\/lumart.fr\/fr\/#website\",\"url\":\"https:\/\/lumart.fr\/fr\/\",\"name\":\"Lum'art\",\"description\":\"\",\"potentialAction\":[{\"@type\":\"SearchAction\",\"target\":{\"@type\":\"EntryPoint\",\"urlTemplate\":\"https:\/\/lumart.fr\/fr\/?s={search_term_string}\"},\"query-input\":\"required name=search_term_string\"}],\"inLanguage\":\"en-US\"},{\"@type\":\"ImageObject\",\"@id\":\"https:\/\/lumart.fr\/en\/the-collections\/interior\/chandeliers\/illiers-lustre-425-3\/#primaryimage\",\"inLanguage\":\"en-US\",\"url\":\"\/wp-content\/uploads\/2017\/12\/425-3-Lustre-Ombre-de-Lune-LB-Lumart-BD-2.jpg\",\"contentUrl\":\"\/wp-content\/uploads\/2017\/12\/425-3-Lustre-Ombre-de-Lune-LB-Lumart-BD-2.jpg\",\"width\":2551,\"height\":1701,\"caption\":\"Illiers chandelier, brushed brass\"},{\"@type\":\"WebPage\",\"@id\":\"https:\/\/lumart.fr\/en\/the-collections\/interior\/chandeliers\/illiers-lustre-425-3\/#webpage\",\"url\":\"https:\/\/lumart.fr\/en\/the-collections\/interior\/chandeliers\/illiers-lustre-425-3\/\",\"name\":\"Lustre Ombre de Lune (425-3) - Lum'art\",\"isPartOf\":{\"@id\":\"https:\/\/lumart.fr\/fr\/#website\"},\"primaryImageOfPage\":{\"@id\":\"https:\/\/lumart.fr\/en\/the-collections\/interior\/chandeliers\/illiers-lustre-425-3\/#primaryimage\"},\"datePublished\":\"2017-12-18T14:36:48+00:00\",\"dateModified\":\"2022-01-11T14:57:39+00:00\",\"description\":\"Un petit air ann\\u00e9es 40 pour la collection Ombre de Lune qui joue le jeu des contrastes en associant la rectitude des supports et la rondeur des verreries opaline.\",\"breadcrumb\":{\"@id\":\"https:\/\/lumart.fr\/en\/the-collections\/interior\/chandeliers\/illiers-lustre-425-3\/#breadcrumb\"},\"inLanguage\":\"en-US\",\"potentialAction\":[{\"@type\":\"ReadAction\",\"target\":[\"https:\/\/lumart.fr\/en\/the-collections\/interior\/chandeliers\/illiers-lustre-425-3\/\"]}]},{\"@type\":\"BreadcrumbList\",\"@id\":\"https:\/\/lumart.fr\/en\/the-collections\/interior\/chandeliers\/illiers-lustre-425-3\/#breadcrumb\",\"itemListElement\":[{\"@type\":\"ListItem\",\"position\":1,\"name\":\"Home\",\"item\":\"https:\/\/lumart.fr\/en\/\"},{\"@type\":\"ListItem\",\"position\":2,\"name\":\"The Collections\",\"item\":\"https:\/\/lumart.fr\/en\/the-collections\/\"},{\"@type\":\"ListItem\",\"position\":3,\"name\":\"Illiers - Chandelier\"}]}]}<\/script>\n<!-- \/ Yoast SEO plugin. -->","yoast_head_json":{"description":"Un petit air ann\u00e9es 40 pour la collection Ombre de Lune qui joue le jeu des contrastes en associant la rectitude des supports et la rondeur des verreries opaline.","robots":{"index":"index","follow":"follow","max-snippet":"max-snippet:-1","max-image-preview":"max-image-preview:large","max-video-preview":"max-video-preview:-1"},"canonical":"https:\/\/lumart.fr\/en\/the-collections\/interior\/chandeliers\/illiers-lustre-425-3\/","og_locale":"en_US","og_type":"article","og_title":"Lustre Ombre de Lune (425-3) - Lum'art","og_description":"Un petit air ann\u00e9es 40 pour la collection Ombre de Lune qui joue le jeu des contrastes en associant la rectitude des supports et la rondeur des verreries opaline.","og_url":"https:\/\/lumart.fr\/en\/the-collections\/interior\/chandeliers\/illiers-lustre-425-3\/","og_site_name":"Lum&#039;Art","article_publisher":"https:\/\/www.facebook.com\/LumArt-1543826629180391\/","article_modified_time":"2022-01-11T14:57:39+00:00","og_image":[{"width":2551,"height":1701,"url":"https:\/\/lumart.fr\/wp-content\/uploads\/2017\/12\/425-3-Lustre-Ombre-de-Lune-LB-Lumart-BD-2.jpg","type":"image\/jpeg"}],"twitter_card":"summary","twitter_misc":{"Est. reading time":"1 minute"},"schema":{"@context":"https:\/\/schema.org","@graph":[{"@type":"WebSite","@id":"https:\/\/lumart.fr\/fr\/#website","url":"https:\/\/lumart.fr\/fr\/","name":"Lum'art","description":"","potentialAction":[{"@type":"SearchAction","target":{"@type":"EntryPoint","urlTemplate":"https:\/\/lumart.fr\/fr\/?s={search_term_string}"},"query-input":"required name=search_term_string"}],"inLanguage":"en-US"},{"@type":"ImageObject","@id":"https:\/\/lumart.fr\/en\/the-collections\/interior\/chandeliers\/illiers-lustre-425-3\/#primaryimage","inLanguage":"en-US","url":"\/wp-content\/uploads\/2017\/12\/425-3-Lustre-Ombre-de-Lune-LB-Lumart-BD-2.jpg","contentUrl":"\/wp-content\/uploads\/2017\/12\/425-3-Lustre-Ombre-de-Lune-LB-Lumart-BD-2.jpg","width":2551,"height":1701,"caption":"Illiers chandelier, brushed brass"},{"@type":"WebPage","@id":"https:\/\/lumart.fr\/en\/the-collections\/interior\/chandeliers\/illiers-lustre-425-3\/#webpage","url":"https:\/\/lumart.fr\/en\/the-collections\/interior\/chandeliers\/illiers-lustre-425-3\/","name":"Lustre Ombre de Lune (425-3) - Lum'art","isPartOf":{"@id":"https:\/\/lumart.fr\/fr\/#website"},"primaryImageOfPage":{"@id":"https:\/\/lumart.fr\/en\/the-collections\/interior\/chandeliers\/illiers-lustre-425-3\/#primaryimage"},"datePublished":"2017-12-18T14:36:48+00:00","dateModified":"2022-01-11T14:57:39+00:00","description":"Un petit air ann\u00e9es 40 pour la collection Ombre de Lune qui joue le jeu des contrastes en associant la rectitude des supports et la rondeur des verreries opaline.","breadcrumb":{"@id":"https:\/\/lumart.fr\/en\/the-collections\/interior\/chandeliers\/illiers-lustre-425-3\/#breadcrumb"},"inLanguage":"en-US","potentialAction":[{"@type":"ReadAction","target":["https:\/\/lumart.fr\/en\/the-collections\/interior\/chandeliers\/illiers-lustre-425-3\/"]}]},{"@type":"BreadcrumbList","@id":"https:\/\/lumart.fr\/en\/the-collections\/interior\/chandeliers\/illiers-lustre-425-3\/#breadcrumb","itemListElement":[{"@type":"ListItem","position":1,"name":"Home","item":"https:\/\/lumart.fr\/en\/"},{"@type":"ListItem","position":2,"name":"The Collections","item":"https:\/\/lumart.fr\/en\/the-collections\/"},{"@type":"ListItem","position":3,"name":"Illiers - Chandelier"}]}]}},"_links":{"self":[{"href":"https:\/\/lumart.fr\/en\/wp-json\/wp\/v2\/product\/11339"}],"collection":[{"href":"https:\/\/lumart.fr\/en\/wp-json\/wp\/v2\/product"}],"about":[{"href":"https:\/\/lumart.fr\/en\/wp-json\/wp\/v2\/types\/product"}],"wp:featuredmedia":[{"embeddable":true,"href":"https:\/\/lumart.fr\/en\/wp-json\/wp\/v2\/media\/2605"}],"wp:attachment":[{"href":"https:\/\/lumart.fr\/en\/wp-json\/wp\/v2\/media?parent=11339"}],"wp:term":[{"taxonomy":"product_cat","embeddable":true,"href":"https:\/\/lumart.fr\/en\/wp-json\/wp\/v2\/product_cat?post=11339"},{"taxonomy":"product_tag","embeddable":true,"href":"https:\/\/lumart.fr\/en\/wp-json\/wp\/v2\/product_tag?post=11339"}],"curies":[{"name":"wp","href":"https:\/\/api.w.org\/{rel}","templated":true}]}}